{"id":411,"date":"2020-07-13T06:04:57","date_gmt":"2020-07-13T06:04:57","guid":{"rendered":"https:\/\/gepkiraly-pcszerviz.hu\/?page_id=411"},"modified":"2023-07-16T22:09:02","modified_gmt":"2023-07-16T22:09:02","slug":"szerviz","status":"publish","type":"page","link":"https:\/\/gepkiraly-pcszerviz.hu\/?page_id=411","title":{"rendered":"Szerv\u00edz"},"content":{"rendered":"<p>[et_pb_section fb_built=&#8221;1&#8243; admin_label=&#8221;section&#8221; _builder_version=&#8221;3.22&#8243; custom_padding=&#8221;49px||0px|||&#8221;][et_pb_row column_structure=&#8221;1_2,1_2&#8243; use_custom_gutter=&#8221;on&#8221; gutter_width=&#8221;2&#8243; make_equal=&#8221;on&#8221; admin_label=&#8221;row&#8221; _builder_version=&#8221;4.4.5&#8243; background_size=&#8221;initial&#8221; background_position=&#8221;top_left&#8221; background_repeat=&#8221;repeat&#8221; width=&#8221;90%&#8221; width_tablet=&#8221;90%&#8221; width_phone=&#8221;90%&#8221; width_last_edited=&#8221;on|tablet&#8221; max_width=&#8221;1170px&#8221; max_width_tablet=&#8221;90%&#8221; max_width_phone=&#8221;90%&#8221; max_width_last_edited=&#8221;on|desktop&#8221; custom_padding=&#8221;0px|||||&#8221;][et_pb_column type=&#8221;1_2&#8243; _builder_version=&#8221;4.4.5&#8243; custom_padding=&#8221;|||&#8221; animation_style=&#8221;slide&#8221; animation_delay=&#8221;500ms&#8221; custom_padding__hover=&#8221;|||&#8221;][et_pb_text _builder_version=&#8221;4.0.9&#8243; text_font=&#8221;Poppins||||||||&#8221; text_text_color=&#8221;#0063d9&#8243; text_font_size=&#8221;36px&#8221; text_letter_spacing=&#8221;3px&#8221; text_line_height=&#8221;1em&#8221;]<\/p>\n<p>Szerviz<\/p>\n<p>[\/et_pb_text][\/et_pb_column][et_pb_column type=&#8221;1_2&#8243; _builder_version=&#8221;4.4.5&#8243; custom_padding=&#8221;|||&#8221; animation_style=&#8221;slide&#8221; animation_delay=&#8221;750ms&#8221; custom_padding__hover=&#8221;|||&#8221;][\/et_pb_column][\/et_pb_row][\/et_pb_section][et_pb_section fb_built=&#8221;1&#8243; admin_label=&#8221;section&#8221; _builder_version=&#8221;4.4.5&#8243; custom_padding=&#8221;3px||27px||false|false&#8221;][et_pb_row column_structure=&#8221;1_2,1_2&#8243; use_custom_gutter=&#8221;on&#8221; gutter_width=&#8221;2&#8243; make_equal=&#8221;on&#8221; admin_label=&#8221;row&#8221; _builder_version=&#8221;4.4.5&#8243; background_size=&#8221;initial&#8221; background_position=&#8221;top_left&#8221; background_repeat=&#8221;repeat&#8221; width=&#8221;90%&#8221; width_tablet=&#8221;90%&#8221; width_phone=&#8221;90%&#8221; width_last_edited=&#8221;on|tablet&#8221; max_width=&#8221;1170px&#8221; max_width_tablet=&#8221;90%&#8221; max_width_phone=&#8221;90%&#8221; max_width_last_edited=&#8221;on|desktop&#8221; custom_margin=&#8221;|auto|-6px|auto||&#8221; custom_padding=&#8221;0px|||||&#8221;][et_pb_column type=&#8221;1_2&#8243; _builder_version=&#8221;3.25&#8243; custom_padding=&#8221;|||&#8221; custom_padding__hover=&#8221;|||&#8221;][et_pb_text _builder_version=&#8221;4.0.9&#8243; text_font=&#8221;Poppins|700|||||||&#8221; text_text_color=&#8221;#2b2b2d&#8221; text_font_size=&#8221;40px&#8221; text_letter_spacing=&#8221;-1px&#8221; text_line_height=&#8221;1.2em&#8221; text_orientation=&#8221;center&#8221; custom_margin=&#8221;25px||||false|false&#8221; custom_margin_tablet=&#8221;-10px||||false|false&#8221; custom_margin_phone=&#8221;-10px||||false|false&#8221; custom_margin_last_edited=&#8221;on|phone&#8221; text_font_size_tablet=&#8221;&#8221; text_font_size_phone=&#8221;30px&#8221; text_font_size_last_edited=&#8221;on|phone&#8221;]<\/p>\n<p>Sz\u00e1m\u00edt\u00f3g\u00e9p jav\u00edt\u00e1s<\/p>\n<p>[\/et_pb_text][et_pb_text _builder_version=&#8221;4.0.9&#8243; text_text_color=&#8221;#000000&#8243; header_text_color=&#8221;#000000&#8243;]<\/p>\n<p>Sz\u00e1m\u00edt\u00f3g\u00e9p szerviz\u00fcnk gy\u00e1rt\u00f3 \u00e9s t\u00edpusf\u00fcggetlen\u00fcl v\u00e1llalja sz\u00e1m\u00edt\u00f3g\u00e9pe hardveres \u00e9s szoftveres szervizel\u00e9s\u00e9t. Ig\u00e9ny eset\u00e9n <strong>h\u00e1zhoz<\/strong> megy\u00fcnk a hib\u00e1s k\u00e9sz\u00fcl\u00e9k\u00e9rt\u00a0<span>vagy szem\u00e9lyesen, sz\u00e1m\u00edt\u00f3g\u00e9p szerviz\u00fcnkben van lehet\u0151s\u00e9g leadni a k\u00e9sz\u00fcl\u00e9ket egy <strong>el\u0151zetes id\u0151pont egyeztet\u00e9s ut\u00e1n<\/strong>.<\/span><\/p>\n<p><span><\/span><\/p>\n<p>[\/et_pb_text][\/et_pb_column][et_pb_column type=&#8221;1_2&#8243; _builder_version=&#8221;3.25&#8243; custom_padding=&#8221;|||&#8221; custom_padding__hover=&#8221;|||&#8221;][et_pb_image src=&#8221;https:\/\/gepkiraly-pcszerviz.hu\/wp-content\/uploads\/2020\/07\/396144-PCIMTM-93-scaled.jpg&#8221; _builder_version=&#8221;4.0.9&#8243; width=&#8221;63%&#8221; module_alignment=&#8221;center&#8221; border_width_all=&#8221;3px&#8221; border_color_all=&#8221;#0c71c3&#8243; box_shadow_style=&#8221;preset1&#8243;][\/et_pb_image][\/et_pb_column][\/et_pb_row][\/et_pb_section][et_pb_section fb_built=&#8221;1&#8243; admin_label=&#8221;section&#8221; _builder_version=&#8221;4.4.5&#8243; custom_padding=&#8221;3px||5px||false|false&#8221;][et_pb_row use_custom_gutter=&#8221;on&#8221; gutter_width=&#8221;2&#8243; make_equal=&#8221;on&#8221; admin_label=&#8221;row&#8221; _builder_version=&#8221;4.0.9&#8243; background_size=&#8221;initial&#8221; background_position=&#8221;top_left&#8221; background_repeat=&#8221;repeat&#8221; width=&#8221;90%&#8221; width_tablet=&#8221;90%&#8221; width_phone=&#8221;90%&#8221; width_last_edited=&#8221;on|tablet&#8221; max_width=&#8221;1170px&#8221; max_width_tablet=&#8221;90%&#8221; max_width_phone=&#8221;90%&#8221; max_width_last_edited=&#8221;on|desktop&#8221; custom_padding=&#8221;13px||34px|||&#8221; border_width_all=&#8221;5px&#8221; border_color_all=&#8221;#0c71c3&#8243;][et_pb_column type=&#8221;4_4&#8243; _builder_version=&#8221;3.25&#8243; custom_padding=&#8221;|||&#8221; custom_padding__hover=&#8221;|||&#8221;][et_pb_text _builder_version=&#8221;4.0.9&#8243; text_font=&#8221;Lustria||||||||&#8221; text_text_color=&#8221;#000000&#8243; text_font_size=&#8221;27px&#8221; text_line_height=&#8221;1.6em&#8221; text_orientation=&#8221;center&#8221; max_width=&#8221;657px&#8221; module_alignment=&#8221;center&#8221; custom_margin=&#8221;25px||||false|false&#8221; custom_margin_tablet=&#8221;-10px||||false|false&#8221; custom_margin_phone=&#8221;-10px||||false|false&#8221; custom_margin_last_edited=&#8221;on|phone&#8221;]<\/p>\n<p><strong>H\u00e1zt\u00f3l &#8211; h\u00e1zig szolg\u00e1ltat\u00e1s ig\u00e9nyl\u00e9se<\/strong>: 06 30 607 6177<br \/> <strong>Szerv\u00edz C\u00edme:<\/strong> 2510. Dorog. Radn\u00f3ti utca 6.<\/p>\n<p><strong>Email:<\/strong> info@gepkiraly-pcszerviz.hu<\/p>\n<p>[\/et_pb_text][\/et_pb_column][\/et_pb_row][\/et_pb_section][et_pb_section fb_built=&#8221;1&#8243; admin_label=&#8221;section&#8221; _builder_version=&#8221;4.4.5&#8243; custom_padding=&#8221;3px||150px||false|false&#8221;][et_pb_row column_structure=&#8221;1_2,1_2&#8243; use_custom_gutter=&#8221;on&#8221; gutter_width=&#8221;2&#8243; make_equal=&#8221;on&#8221; admin_label=&#8221;row&#8221; _builder_version=&#8221;4.4.5&#8243; background_size=&#8221;initial&#8221; background_position=&#8221;top_left&#8221; background_repeat=&#8221;repeat&#8221; width=&#8221;90%&#8221; width_tablet=&#8221;90%&#8221; width_phone=&#8221;90%&#8221; width_last_edited=&#8221;on|tablet&#8221; max_width=&#8221;1170px&#8221; max_width_tablet=&#8221;90%&#8221; max_width_phone=&#8221;90%&#8221; max_width_last_edited=&#8221;on|desktop&#8221; custom_padding=&#8221;0px||4px|||&#8221;][et_pb_column type=&#8221;1_2&#8243; _builder_version=&#8221;3.25&#8243; custom_padding=&#8221;|||&#8221; custom_padding__hover=&#8221;|||&#8221;][et_pb_text _builder_version=&#8221;4.0.9&#8243; text_font=&#8221;Lustria||||||||&#8221; text_text_color=&#8221;#646464&#8243; text_font_size=&#8221;17px&#8221; text_line_height=&#8221;1.6em&#8221; text_orientation=&#8221;center&#8221; max_width=&#8221;657px&#8221; module_alignment=&#8221;center&#8221; custom_margin=&#8221;25px||22px||false|false&#8221; custom_margin_tablet=&#8221;-10px||||false|false&#8221; custom_margin_phone=&#8221;-10px||||false|false&#8221; custom_margin_last_edited=&#8221;on|phone&#8221;]<\/p>\n<h3>KEZDJ\u00dcNK A TE SZ\u00c1M\u00cdT\u00d3G\u00c9PEDDEL AZONNAL?<\/h3>\n<p>Lehet\u0151s\u00e9g van a sz\u00e1m\u00edt\u00f3g\u00e9p jav\u00edt\u00e1s\u00e1nak azonnali megkezd\u00e9s\u00e9re is.<br \/>S\u00fcrg\u0151ss\u00e9gi d\u00edj ellen\u00e9ben garant\u00e1ljuk, hogy a sz\u00e1m\u00edt\u00f3g\u00e9ped lesz a k\u00f6vetkez\u0151 szerviz\u00fcnkben.<\/p>\n<p>[\/et_pb_text][et_pb_text _builder_version=&#8221;4.0.9&#8243; text_font=&#8221;Lustria||||||||&#8221; text_text_color=&#8221;#646464&#8243; text_font_size=&#8221;17px&#8221; text_line_height=&#8221;1.6em&#8221; text_orientation=&#8221;center&#8221; max_width=&#8221;657px&#8221; module_alignment=&#8221;center&#8221; custom_margin=&#8221;3px||||false|false&#8221; custom_margin_tablet=&#8221;-10px||||false|false&#8221; custom_margin_phone=&#8221;-10px||||false|false&#8221; custom_margin_last_edited=&#8221;on|phone&#8221; custom_padding=&#8221;47px|||||&#8221;]<\/p>\n<h3>RENDSZER TELEP\u00cdT\u00c9S:<\/h3>\n<p>Telep\u00edtj\u00fck az oper\u00e1ci\u00f3s rendszert a g\u00e9pedre a megfelel\u0151 illeszt\u0151 programokkal, driverekkel.<\/p>\n<p>&nbsp;<\/p>\n<p>[\/et_pb_text][et_pb_text _builder_version=&#8221;4.0.9&#8243; text_font=&#8221;Lustria||||||||&#8221; text_text_color=&#8221;#646464&#8243; text_font_size=&#8221;17px&#8221; text_line_height=&#8221;1.6em&#8221; text_orientation=&#8221;center&#8221; max_width=&#8221;657px&#8221; module_alignment=&#8221;center&#8221; custom_margin=&#8221;3px||||false|false&#8221; custom_margin_tablet=&#8221;-10px||||false|false&#8221; custom_margin_phone=&#8221;-10px||||false|false&#8221; custom_margin_last_edited=&#8221;on|phone&#8221; custom_padding=&#8221;18px|||||&#8221;]<\/p>\n<h3>SZ\u00c1M\u00cdT\u00d3G\u00c9P FEL\u00daJ\u00cdT\u00c1S:<\/h3>\n<p>Elj\u00f6n a pillanat, amikor sz\u00e1m\u00edt\u00f3g\u00e9p\u00e9nek teljes\u00edtm\u00e9nye m\u00e1r nem el\u00e9g \u00d6nnek, de m\u00e9g nem kell teljesen \u00faj g\u00e9pet v\u00e1s\u00e1rolnia helyette. Szak\u00e9rt\u0151ink a sz\u00e1m\u00edt\u00f3g\u00e9p felt\u00e9rk\u00e9pez\u00e9se ut\u00e1n, ismertetik \u00d6nnel a lehet\u0151s\u00e9geket \u00e9s seg\u00edtenek a v\u00e1laszt\u00e1sban.<\/p>\n<p>&nbsp;<\/p>\n<p>[\/et_pb_text][\/et_pb_column][et_pb_column type=&#8221;1_2&#8243; _builder_version=&#8221;3.25&#8243; custom_padding=&#8221;|||&#8221; custom_padding__hover=&#8221;|||&#8221;][et_pb_text _builder_version=&#8221;4.0.9&#8243; text_font=&#8221;Lustria||||||||&#8221; text_text_color=&#8221;#646464&#8243; text_font_size=&#8221;17px&#8221; text_line_height=&#8221;1.6em&#8221; text_orientation=&#8221;center&#8221; max_width=&#8221;657px&#8221; module_alignment=&#8221;center&#8221; custom_margin=&#8221;25px||3px||false|false&#8221; custom_margin_tablet=&#8221;-10px||||false|false&#8221; custom_margin_phone=&#8221;-10px||||false|false&#8221; custom_margin_last_edited=&#8221;on|phone&#8221;]<\/p>\n<h3>SZ\u00c1M\u00cdT\u00d3G\u00c9P BEVIZSG\u00c1L\u00c1S:<\/h3>\n<p>Az \u00e1ltalad tapasztalt \u00e9s elmondott jelens\u00e9gek figyelembe v\u00e9tel\u00e9vel \u00e1tvizsg\u00e1ljuk a sz\u00e1m\u00edt\u00f3g\u00e9pedet, majd \u00e9rtes\u00edt\u00fcnk a jav\u00edt\u00e1s \u00e1r\u00e1r\u00f3l illetve a v\u00e1rhat\u00f3 jav\u00edt\u00e1si id\u0151tartamr\u00f3l.<\/p>\n<p>&nbsp;<\/p>\n<p>[\/et_pb_text][et_pb_text _builder_version=&#8221;4.0.9&#8243; text_font=&#8221;Lustria||||||||&#8221; text_text_color=&#8221;#646464&#8243; text_font_size=&#8221;17px&#8221; text_line_height=&#8221;1.6em&#8221; text_orientation=&#8221;center&#8221; max_width=&#8221;657px&#8221; module_alignment=&#8221;center&#8221; custom_margin=&#8221;3px||||false|false&#8221; custom_margin_tablet=&#8221;-10px||||false|false&#8221; custom_margin_phone=&#8221;-10px||||false|false&#8221; custom_margin_last_edited=&#8221;on|phone&#8221; custom_padding=&#8221;18px|||||&#8221;]<\/p>\n<h3>ADATMENT\u00c9S HIB\u00c1TLAN WINCHESTERR\u0150L:<\/h3>\n<p>Egy laptop winchestere 2-3 \u00e9v alatt teljesen elhaszn\u00e1l\u00f3dhat. Javasolt id\u0151szakosan a vizsg\u00e1lata. Az adatok ment\u00e9se mindig javasolt.<\/p>\n<p>&nbsp;<\/p>\n<p>[\/et_pb_text][et_pb_text _builder_version=&#8221;4.0.9&#8243; text_font=&#8221;Lustria||||||||&#8221; text_text_color=&#8221;#646464&#8243; text_font_size=&#8221;17px&#8221; text_line_height=&#8221;1.6em&#8221; text_orientation=&#8221;center&#8221; max_width=&#8221;657px&#8221; module_alignment=&#8221;center&#8221; custom_margin=&#8221;3px||||false|false&#8221; custom_margin_tablet=&#8221;-10px||||false|false&#8221; custom_margin_phone=&#8221;-10px||||false|false&#8221; custom_margin_last_edited=&#8221;on|phone&#8221; custom_padding=&#8221;18px|||||&#8221;]<\/p>\n<h3>SZ\u00c1M\u00cdT\u00d3G\u00c9P V\u00cdRUSIRT\u00c1S:<\/h3>\n<p>A g\u00e9pen tal\u00e1lhat\u00f3 v\u00edrusokat\u00a0 be\u00e9p\u00fcl\u0151 rekl\u00e1mprogramokat felkutatjuk \u00e9s elt\u00e1vol\u00edtjuk. Ezt k\u00f6vet\u0151en felk\u00e9sz\u00edtj\u00fck a rendszert a t\u00e1mad\u00e1sok ellen.<\/p>\n<p>&nbsp;<\/p>\n<p>[\/et_pb_text][\/et_pb_column][\/et_pb_row][et_pb_row _builder_version=&#8221;4.0.9&#8243; custom_padding=&#8221;1px|||||&#8221;][et_pb_column type=&#8221;4_4&#8243; _builder_version=&#8221;4.0.9&#8243;][et_pb_text _builder_version=&#8221;4.0.9&#8243; text_font=&#8221;Lustria||||||||&#8221; text_text_color=&#8221;#646464&#8243; text_font_size=&#8221;17px&#8221; text_line_height=&#8221;1.6em&#8221; text_orientation=&#8221;center&#8221; max_width=&#8221;657px&#8221; module_alignment=&#8221;center&#8221; custom_margin=&#8221;3px||||false|false&#8221; custom_margin_tablet=&#8221;-10px||||false|false&#8221; custom_margin_phone=&#8221;-10px||||false|false&#8221; custom_margin_last_edited=&#8221;on|phone&#8221; custom_padding=&#8221;15px|||||&#8221;]<\/p>\n<h3>TELJES RENDSZER TELEP\u00cdT\u00c9S ADATMENT\u00c9SSEL \u00c9S VISSZA\u00c1LL\u00cdT\u00c1SSAL:<\/h3>\n<p>A rendszer \u00fajra telep\u00edt\u00e9se ut\u00e1n sokan szembes\u00fclnek azzal a probl\u00e9m\u00e1val, hogy adataik (k\u00e9pek, dokumentumok, levelek) hi\u00e1nyoznak. Adat vissza\u00e1ll\u00edt\u00e1s sor\u00e1n igyeksz\u00fcnk ezeket a megszokott hely\u00e9re vissza\u00e1ll\u00edtani.<\/p>\n<p>&nbsp;<\/p>\n<p>[\/et_pb_text][et_pb_text _builder_version=&#8221;4.0.9&#8243;][\/et_pb_text][\/et_pb_column][\/et_pb_row][\/et_pb_section]<\/p>\n","protected":false},"excerpt":{"rendered":"<p>SzervizSz\u00e1m\u00edt\u00f3g\u00e9p jav\u00edt\u00e1sSz\u00e1m\u00edt\u00f3g\u00e9p szerviz\u00fcnk gy\u00e1rt\u00f3 \u00e9s t\u00edpusf\u00fcggetlen\u00fcl v\u00e1llalja sz\u00e1m\u00edt\u00f3g\u00e9pe hardveres \u00e9s szoftveres szervizel\u00e9s\u00e9t. Ig\u00e9ny eset\u00e9n h\u00e1zhoz megy\u00fcnk a hib\u00e1s k\u00e9sz\u00fcl\u00e9k\u00e9rt\u00a0vagy szem\u00e9lyesen, sz\u00e1m\u00edt\u00f3g\u00e9p szerviz\u00fcnkben van lehet\u0151s\u00e9g leadni a k\u00e9sz\u00fcl\u00e9ket egy el\u0151zetes id\u0151pont egyeztet\u00e9s ut\u00e1n. H\u00e1zt\u00f3l &#8211; h\u00e1zig szolg\u00e1ltat\u00e1s ig\u00e9nyl\u00e9se: 06 30 607 6177 Szerv\u00edz C\u00edme: 2510. Dorog. Radn\u00f3ti utca 6. Email: info@gepkiraly-pcszerviz.huKEZDJ\u00dcNK A TE SZ\u00c1M\u00cdT\u00d3G\u00c9PEDDEL AZONNAL? Lehet\u0151s\u00e9g [&hellip;]<\/p>\n","protected":false},"author":1,"featured_media":0,"parent":0,"menu_order":0,"comment_status":"closed","ping_status":"closed","template":"","meta":{"_et_pb_use_builder":"on","_et_pb_old_content":"","_et_gb_content_width":"","footnotes":""},"yst_prominent_words":[],"class_list":["post-411","page","type-page","status-publish","hentry"],"_links":{"self":[{"href":"https:\/\/gepkiraly-pcszerviz.hu\/index.php?rest_route=\/wp\/v2\/pages\/411"}],"collection":[{"href":"https:\/\/gepkiraly-pcszerviz.hu\/index.php?rest_route=\/wp\/v2\/pages"}],"about":[{"href":"https:\/\/gepkiraly-pcszerviz.hu\/index.php?rest_route=\/wp\/v2\/types\/page"}],"author":[{"embeddable":true,"href":"https:\/\/gepkiraly-pcszerviz.hu\/index.php?rest_route=\/wp\/v2\/users\/1"}],"replies":[{"embeddable":true,"href":"https:\/\/gepkiraly-pcszerviz.hu\/index.php?rest_route=%2Fwp%2Fv2%2Fcomments&post=411"}],"version-history":[{"count":12,"href":"https:\/\/gepkiraly-pcszerviz.hu\/index.php?rest_route=\/wp\/v2\/pages\/411\/revisions"}],"predecessor-version":[{"id":604,"href":"https:\/\/gepkiraly-pcszerviz.hu\/index.php?rest_route=\/wp\/v2\/pages\/411\/revisions\/604"}],"wp:attachment":[{"href":"https:\/\/gepkiraly-pcszerviz.hu\/index.php?rest_route=%2Fwp%2Fv2%2Fmedia&parent=411"}],"wp:term":[{"taxonomy":"yst_prominent_words","embeddable":true,"href":"https:\/\/gepkiraly-pcszerviz.hu\/index.php?rest_route=%2Fwp%2Fv2%2Fyst_prominent_words&post=411"}],"curies":[{"name":"wp","href":"https:\/\/api.w.org\/{rel}","templated":true}]}}