{"id":416,"date":"2020-07-13T06:06:44","date_gmt":"2020-07-13T06:06:44","guid":{"rendered":"https:\/\/gepkiraly-pcszerviz.hu\/?page_id=416"},"modified":"2023-07-16T22:08:10","modified_gmt":"2023-07-16T22:08:10","slug":"araink","status":"publish","type":"page","link":"https:\/\/gepkiraly-pcszerviz.hu\/?page_id=416","title":{"rendered":"\u00c1raink"},"content":{"rendered":"<p>[et_pb_section fb_built=&#8221;1&#8243; admin_label=&#8221;section&#8221; _builder_version=&#8221;3.22&#8243; custom_padding=&#8221;49px||0px|||&#8221;][et_pb_row use_custom_gutter=&#8221;on&#8221; gutter_width=&#8221;2&#8243; make_equal=&#8221;on&#8221; admin_label=&#8221;row&#8221; _builder_version=&#8221;4.4.5&#8243; background_size=&#8221;initial&#8221; background_position=&#8221;top_left&#8221; background_repeat=&#8221;repeat&#8221; width=&#8221;90%&#8221; width_tablet=&#8221;90%&#8221; width_phone=&#8221;90%&#8221; width_last_edited=&#8221;on|tablet&#8221; max_width=&#8221;1170px&#8221; max_width_tablet=&#8221;90%&#8221; max_width_phone=&#8221;90%&#8221; max_width_last_edited=&#8221;on|desktop&#8221; custom_padding=&#8221;0px|||||&#8221;][et_pb_column type=&#8221;4_4&#8243; _builder_version=&#8221;4.4.5&#8243; custom_padding=&#8221;|||&#8221; animation_style=&#8221;slide&#8221; animation_delay=&#8221;500ms&#8221; custom_padding__hover=&#8221;|||&#8221;][et_pb_text _builder_version=&#8221;4.0.9&#8243; text_font=&#8221;Poppins||||||||&#8221; text_text_color=&#8221;#0063d9&#8243; text_font_size=&#8221;66px&#8221; text_letter_spacing=&#8221;3px&#8221; text_line_height=&#8221;1em&#8221; text_orientation=&#8221;center&#8221;]<\/p>\n<p>\u00c1rlista<\/p>\n<p>[\/et_pb_text][\/et_pb_column][\/et_pb_row][\/et_pb_section][et_pb_section fb_built=&#8221;1&#8243; admin_label=&#8221;section&#8221; _builder_version=&#8221;4.4.5&#8243; custom_padding=&#8221;3px||27px||false|false&#8221;][et_pb_row use_custom_gutter=&#8221;on&#8221; gutter_width=&#8221;2&#8243; make_equal=&#8221;on&#8221; admin_label=&#8221;row&#8221; _builder_version=&#8221;4.4.5&#8243; background_size=&#8221;initial&#8221; background_position=&#8221;top_left&#8221; background_repeat=&#8221;repeat&#8221; width=&#8221;90%&#8221; width_tablet=&#8221;90%&#8221; width_phone=&#8221;90%&#8221; width_last_edited=&#8221;on|tablet&#8221; max_width=&#8221;1170px&#8221; max_width_tablet=&#8221;90%&#8221; max_width_phone=&#8221;90%&#8221; max_width_last_edited=&#8221;on|desktop&#8221; custom_margin=&#8221;|auto|-6px|auto||&#8221; custom_padding=&#8221;0px|||||&#8221;][et_pb_column type=&#8221;4_4&#8243; _builder_version=&#8221;3.25&#8243; custom_padding=&#8221;|||&#8221; custom_padding__hover=&#8221;|||&#8221;][et_pb_text _builder_version=&#8221;4.0.9&#8243; text_font=&#8221;Poppins|700|||||||&#8221; text_text_color=&#8221;#2b2b2d&#8221; text_font_size=&#8221;40px&#8221; text_letter_spacing=&#8221;-1px&#8221; text_line_height=&#8221;1.2em&#8221; text_orientation=&#8221;center&#8221; custom_margin=&#8221;25px||||false|false&#8221; custom_margin_tablet=&#8221;-10px||||false|false&#8221; custom_margin_phone=&#8221;-10px||||false|false&#8221; custom_margin_last_edited=&#8221;on|phone&#8221; text_font_size_tablet=&#8221;&#8221; text_font_size_phone=&#8221;30px&#8221; text_font_size_last_edited=&#8221;on|phone&#8221;]<\/p>\n<p>Sz\u00e1m\u00edt\u00f3g\u00e9p jav\u00edt\u00e1s<\/p>\n<p>[\/et_pb_text][et_pb_text _builder_version=&#8221;4.0.9&#8243; text_text_color=&#8221;#000000&#8243; header_text_color=&#8221;#000000&#8243;]<\/p>\n<p>&nbsp;<\/p>\n<table>\n<thead>\n<tr>\n<td align=\"left\" width=\"636\"><span style=\"color: #0c71c3;\"><strong>Szolg\u00e1ltat\u00e1s megnevez\u00e9se<\/strong><\/span><\/td>\n<td width=\"240\"><span style=\"color: #0c71c3;\"><strong>Lista\u00e1r<\/strong><\/span><\/td>\n<\/tr>\n<\/thead>\n<tbody>\n<tr>\n<td align=\"left\">Kisz\u00e1ll\u00e1si d\u00edj Dorog:<\/td>\n<td>2 000 Ft<\/td>\n<\/tr>\n<tr>\n<td align=\"left\">H\u00e1zt\u00f3l-H\u00e1zig szolg\u00e1ltat\u00e1s (Dorog 20km K\u00f6rzetben):<\/td>\n<td>6 000 Ft<\/td>\n<\/tr>\n<tr>\n<td align=\"left\">Szerviz \u00f3rad\u00edj :<\/td>\n<td>6 000 Ft\u00a0 \/ \u00f3ra<\/td>\n<\/tr>\n<tr>\n<td align=\"left\">Jav\u00edt\u00e1s szervizben:<\/td>\n<td>Kedvez\u0151, egyedi aj\u00e1nlat<\/td>\n<\/tr>\n<tr>\n<td align=\"left\">Hiba felt\u00e1r\u00e1s, bevizsg\u00e1l\u00e1s<\/td>\n<td>3 000 Ft<\/td>\n<\/tr>\n<tr>\n<td align=\"left\">Oper\u00e1ci\u00f3s rendszer telep\u00edt\u00e9se<\/td>\n<td>6 000 Ft<\/td>\n<\/tr>\n<tr>\n<td align=\"left\">Program, driver<\/td>\n<td>3 000 Ft<\/td>\n<\/tr>\n<tr>\n<td align=\"left\">Teljes rendszer\u00e9p\u00edt\u00e9s<\/td>\n<td>10 000 Ft<\/td>\n<\/tr>\n<tr>\n<td align=\"left\">V\u00edrusirt\u00e1s<\/td>\n<td>\u00a05 000 Ft<\/td>\n<\/tr>\n<tr>\n<td align=\"left\">Adatment\u00e9s telep\u00edt\u00e9s el\u0151tt<\/td>\n<td>\u00a01 000 Ft \/ Gb<\/td>\n<\/tr>\n<tr>\n<td align=\"left\">Hardver csere<\/td>\n<td>\u00a02 500 Ft \/ db<\/td>\n<\/tr>\n<tr>\n<td align=\"left\">Adatment\u00e9s s\u00e9r\u00fclt, hib\u00e1s eszk\u00f6zr\u0151l.<\/td>\n<td>10 000 Ft -t\u00f3l<\/td>\n<\/tr>\n<\/tbody>\n<\/table>\n<p>&nbsp;<\/p>\n<table>\n<thead>\n<tr>\n<td width=\"636\"><span style=\"color: #0c71c3;\"><strong>D\u00edjkateg\u00f3ria megnevez\u00e9se<\/strong><\/span><\/td>\n<td width=\"240\"><span style=\"color: #0c71c3;\"><strong>Fel\u00e1r m\u00e9rt\u00e9ke<\/strong><\/span><\/td>\n<\/tr>\n<\/thead>\n<tbody>\n<tr>\n<td>Norm\u00e1l d\u00edjkateg\u00f3ria (munkanapokon 09-18 \u00f3r\u00e1ig \u00e9rv\u00e9nyes):<\/td>\n<td>0%<\/td>\n<\/tr>\n<tr>\n<td>Emelt d\u00edjkateg\u00f3ria (norm\u00e1l d\u00edjkateg\u00f3ri\u00e1t\u00f3l elt\u00e9r\u0151 esetben) <strong><span style=\"color: #e00b00;\">18:00 &#8211; 21:00\u00a0 \/ Szombat &#8211; Vas\u00e1rnap \/ \u00dcnnepnap<\/span><\/strong><\/td>\n<td>25%<\/td>\n<\/tr>\n<tr>\n<td>S\u00fcrg\u0151ss\u00e9gi d\u00edjkateg\u00f3ria (<span style=\"color: #e00b00;\"><strong>a munkav\u00e9gz\u00e9st a bejelent\u00e9st k\u00f6vet\u0151 2 \u00f3r\u00e1n bel\u00fcl megkezdj\u00fck<\/strong><\/span>):<\/td>\n<td>50%<\/td>\n<\/tr>\n<\/tbody>\n<\/table>\n<p>&nbsp;<\/p>\n<p>[\/et_pb_text][\/et_pb_column][\/et_pb_row][\/et_pb_section][et_pb_section fb_built=&#8221;1&#8243; admin_label=&#8221;section&#8221; _builder_version=&#8221;4.4.5&#8243; custom_padding=&#8221;3px||5px||false|false&#8221;][et_pb_row use_custom_gutter=&#8221;on&#8221; gutter_width=&#8221;2&#8243; make_equal=&#8221;on&#8221; admin_label=&#8221;row&#8221; _builder_version=&#8221;4.0.9&#8243; background_size=&#8221;initial&#8221; background_position=&#8221;top_left&#8221; background_repeat=&#8221;repeat&#8221; width=&#8221;90%&#8221; width_tablet=&#8221;90%&#8221; width_phone=&#8221;90%&#8221; width_last_edited=&#8221;on|tablet&#8221; max_width=&#8221;1170px&#8221; max_width_tablet=&#8221;90%&#8221; max_width_phone=&#8221;90%&#8221; max_width_last_edited=&#8221;on|desktop&#8221; custom_padding=&#8221;13px||34px|||&#8221; border_width_all=&#8221;5px&#8221; border_color_all=&#8221;#0c71c3&#8243;][et_pb_column type=&#8221;4_4&#8243; _builder_version=&#8221;3.25&#8243; custom_padding=&#8221;|||&#8221; custom_padding__hover=&#8221;|||&#8221;][et_pb_text _builder_version=&#8221;4.0.9&#8243; text_font=&#8221;Lustria||||||||&#8221; text_text_color=&#8221;#000000&#8243; text_font_size=&#8221;27px&#8221; text_line_height=&#8221;1.6em&#8221; text_orientation=&#8221;center&#8221; max_width=&#8221;657px&#8221; module_alignment=&#8221;center&#8221; custom_margin=&#8221;25px||||false|false&#8221; custom_margin_tablet=&#8221;-10px||||false|false&#8221; custom_margin_phone=&#8221;-10px||||false|false&#8221; custom_margin_last_edited=&#8221;on|phone&#8221;]<\/p>\n<p><strong>H\u00e1zt\u00f3l &#8211; h\u00e1zig szolg\u00e1ltat\u00e1s ig\u00e9nyl\u00e9se<\/strong>: 06 30 607 6177<br \/> <strong>Szerviz C\u00edme:<\/strong> 2510. Dorog. Radn\u00f3ti utca 6.<\/p>\n<p><strong>Email:<\/strong> info@gepkiraly-pcszerviz.hu<\/p>\n<p>[\/et_pb_text][\/et_pb_column][\/et_pb_row][\/et_pb_section][et_pb_section fb_built=&#8221;1&#8243; admin_label=&#8221;section&#8221; _builder_version=&#8221;4.4.5&#8243; custom_padding=&#8221;3px||150px||false|false&#8221;][et_pb_row _builder_version=&#8221;4.0.9&#8243; custom_padding=&#8221;1px|||||&#8221;][et_pb_column type=&#8221;4_4&#8243; _builder_version=&#8221;4.0.9&#8243;][et_pb_text _builder_version=&#8221;4.0.9&#8243;][\/et_pb_text][\/et_pb_column][\/et_pb_row][\/et_pb_section]<\/p>\n","protected":false},"excerpt":{"rendered":"<p>\u00c1rlistaSz\u00e1m\u00edt\u00f3g\u00e9p jav\u00edt\u00e1s&nbsp; Szolg\u00e1ltat\u00e1s megnevez\u00e9se Lista\u00e1r Kisz\u00e1ll\u00e1si d\u00edj Dorog: 2 000 Ft H\u00e1zt\u00f3l-H\u00e1zig szolg\u00e1ltat\u00e1s (Dorog 20km K\u00f6rzetben): 6 000 Ft Szerviz \u00f3rad\u00edj : 6 000 Ft\u00a0 \/ \u00f3ra Jav\u00edt\u00e1s szervizben: Kedvez\u0151, egyedi aj\u00e1nlat Hiba felt\u00e1r\u00e1s, bevizsg\u00e1l\u00e1s 3 000 Ft Oper\u00e1ci\u00f3s rendszer telep\u00edt\u00e9se 6 000 Ft Program, driver 3 000 Ft Teljes rendszer\u00e9p\u00edt\u00e9s 10 000 Ft V\u00edrusirt\u00e1s [&hellip;]<\/p>\n","protected":false},"author":1,"featured_media":0,"parent":0,"menu_order":0,"comment_status":"closed","ping_status":"closed","template":"","meta":{"_et_pb_use_builder":"on","_et_pb_old_content":"","_et_gb_content_width":"","footnotes":""},"yst_prominent_words":[],"class_list":["post-416","page","type-page","status-publish","hentry"],"_links":{"self":[{"href":"https:\/\/gepkiraly-pcszerviz.hu\/index.php?rest_route=\/wp\/v2\/pages\/416"}],"collection":[{"href":"https:\/\/gepkiraly-pcszerviz.hu\/index.php?rest_route=\/wp\/v2\/pages"}],"about":[{"href":"https:\/\/gepkiraly-pcszerviz.hu\/index.php?rest_route=\/wp\/v2\/types\/page"}],"author":[{"embeddable":true,"href":"https:\/\/gepkiraly-pcszerviz.hu\/index.php?rest_route=\/wp\/v2\/users\/1"}],"replies":[{"embeddable":true,"href":"https:\/\/gepkiraly-pcszerviz.hu\/index.php?rest_route=%2Fwp%2Fv2%2Fcomments&post=416"}],"version-history":[{"count":10,"href":"https:\/\/gepkiraly-pcszerviz.hu\/index.php?rest_route=\/wp\/v2\/pages\/416\/revisions"}],"predecessor-version":[{"id":603,"href":"https:\/\/gepkiraly-pcszerviz.hu\/index.php?rest_route=\/wp\/v2\/pages\/416\/revisions\/603"}],"wp:attachment":[{"href":"https:\/\/gepkiraly-pcszerviz.hu\/index.php?rest_route=%2Fwp%2Fv2%2Fmedia&parent=416"}],"wp:term":[{"taxonomy":"yst_prominent_words","embeddable":true,"href":"https:\/\/gepkiraly-pcszerviz.hu\/index.php?rest_route=%2Fwp%2Fv2%2Fyst_prominent_words&post=416"}],"curies":[{"name":"wp","href":"https:\/\/api.w.org\/{rel}","templated":true}]}}