{"id":422,"date":"2020-07-13T06:10:22","date_gmt":"2020-07-13T06:10:22","guid":{"rendered":"https:\/\/gepkiraly-pcszerviz.hu\/?page_id=422"},"modified":"2020-07-14T18:54:41","modified_gmt":"2020-07-14T18:54:41","slug":"aszf","status":"publish","type":"page","link":"https:\/\/gepkiraly-pcszerviz.hu\/?page_id=422","title":{"rendered":"\u00c1SZF"},"content":{"rendered":"<div id=\"titlebox-h2\">\n<h2>\u00c1ltal\u00e1nos Szerz\u0151d\u00e9si Felt\u00e9telek (Szerviz szolg\u00e1ltat\u00e1s)<\/h2>\n<\/div>\n<p>&nbsp;<\/p>\n<p>A G\u00e9pkir\u00e1ly Pc szerviz \u00c1ltal\u00e1nos Szerz\u0151d\u00e9si Felt\u00e9telei &#8222;Sz\u00e1m\u00edt\u00f3g\u00e9p, -perif\u00e9ria jav\u00edt\u00e1sa&#8221; szolg\u00e1ltat\u00e1s ny\u00fajt\u00e1sa t\u00e1rgy\u00e1ban. Ennek elfogad\u00e1s\u00e1val \u00d6n szolg\u00e1ltat\u00e1si felt\u00e9teleinket elfogadja, a Szolg\u00e1ltat\u00e1si keretszerz\u0151d\u00e9se l\u00e9trej\u00f6n.<\/p>\n<p>Hat\u00e1lyos: 2020.07.01<\/p>\n<div id=\"titlebox-h2\">\n<h2>1. \u00c1SZF alanyai, szerz\u0151d\u0151 felek<\/h2>\n<\/div>\n<p>&nbsp;<\/p>\n<p><b>1.1 A Szolg\u00e1ltat\u00f3 \u00e9s Megrendel\u0151<\/b><\/p>\n<p>Jelen \u00c1SZF kiterjed egyr\u00e9szr\u0151l a G\u00e9pkir\u00e1ly Pc szerviz-re, mint szolg\u00e1ltat\u00f3ra (a tov\u00e1bbiakban: Szolg\u00e1ltat\u00f3), m\u00e1sr\u00e9szr\u0151l a szolg\u00e1ltat\u00e1st ig\u00e9nybe vev\u0151, a szolg\u00e1ltat\u00e1s megrendel\u0151lapot al\u00e1\u00edr\u00f3, vagy a szolg\u00e1ltat\u00e1st telefonon ig\u00e9nyl\u0151, helysz\u00edni jav\u00edt\u00e1st k\u00e9r\u0151 Megrendel\u0151re (a tov\u00e1bbiakban: Megrendel\u0151).<\/p>\n<p>Szolg\u00e1ltat\u00f3: szolg\u00e1ltat\u00f3 az a szem\u00e9ly, aki a Megrendel\u0151nek a szolg\u00e1ltat\u00e1s megrendel\u0151lap vagy -helysz\u00edni jav\u00edt\u00e1s k\u00e9r\u00e9se eset\u00e9n- telefonos megrendel\u00e9s, valamint Szolg\u00e1ltat\u00e1si Keretszerz\u0151d\u00e9s alapj\u00e1n a jelen \u00c1SZF-ben meghat\u00e1rozott m\u00f3don a szolg\u00e1ltat\u00e1st ny\u00fajtja.<\/p>\n<p>Megrendel\u0151: Megrendel\u0151 az a szem\u00e9ly\/jogi szem\u00e9ly\/t\u00e1rsas\u00e1g\/szervezet, aki az Szolg\u00e1ltat\u00f3nak leadott szolg\u00e1ltat\u00e1s megrendel\u0151lap vagy telefonos megrendel\u00e9s, valamint a Szolg\u00e1ltat\u00e1si Keretszerz\u0151d\u00e9s alapj\u00e1n a jelen \u00c1SZF-ben meghat\u00e1rozott m\u00f3don a szolg\u00e1ltat\u00e1st ig\u00e9nybe veszi.<\/p>\n<p>Megrendel\u0151 lehet minden mag\u00e1n \u00e9s jogi szem\u00e9ly akivel a Szolg\u00e1ltat\u00f3 \u00e9s k\u00f6zte a Szolg\u00e1ltat\u00e1si Keretszerz\u0151d\u00e9s, illetve a szolg\u00e1ltat\u00e1s megrendel\u0151lap alapj\u00e1n Szolg\u00e1ltat\u00e1si Szerz\u0151d\u00e9s \u00e9rv\u00e9nyesen l\u00e9trej\u00f6tt.<\/p>\n<p><b>1.2 Szolg\u00e1ltat\u00f3 adatai<\/b><\/p>\n<p>Szolg\u00e1ltat\u00f3 neve: Mayer Zolt\u00e1n<br \/>\nSz\u00e9khelye: 2510 Dorog radn\u00f3ti utca 6.<br \/>\nAd\u00f3sz\u00e1m: 56303502-1-31<br \/>\nBanksz\u00e1mlasz\u00e1m: 58600513-17014861-00000000<br \/>\n\u00dcgyf\u00e9lszolg\u00e1lat\u00e1nak telefonsz\u00e1ma: +36 20 405 3920<br \/>\nE-mail: info@gepkiray-pcszerviz.hu<br \/>\nHivatalos weboldal:www.gepkiraly-pcszerviz.hu<\/p>\n<p><b>1.3 Megrendel\u0151 adatai<\/b><\/p>\n<p>Megrendel\u0151 adatait az egyes szolg\u00e1ltat\u00e1sok ig\u00e9nyl\u00e9sekor kit\u00f6lt\u00f6tt \u00e9s Megrendel\u0151 szem\u00e9ly\u00e9nek megfelel\u0151en al\u00e1\u00edrt Szolg\u00e1ltat\u00e1s Megrendel\u0151lapon (tov\u00e1bbiakban megrendel\u0151lap), vagy -helysz\u00edni jav\u00edt\u00e1s k\u00e9r\u00e9se eset\u00e9n- telefonon k\u00f6zli szolg\u00e1ltat\u00f3val, melyek a k\u00f6vetkez\u0151ek: n\u00e9v, c\u00edm, telefonsz\u00e1m, e-mail c\u00edm, valamint amennyiben k\u00e9ri kapcsolattart\u00f3inak (adminisztrativ \u00e9s\/vagy technikai kapcsolattart\u00f3) neve, e-mail c\u00edme \u00e9s telefonsz\u00e1ma.<\/p>\n<div id=\"titlebox-h2\">\n<h2>2. Az \u00c1SZF hat\u00e1lya<\/h2>\n<\/div>\n<p>&nbsp;<\/p>\n<p>Jelen \u00c1SZF kiterjed a szolg\u00e1ltat\u00f3 minden szerviz tev\u00e9kenys\u00e9g\u00e9re, -k\u00fcl\u00f6n\u00f6sen a &#8222;Sz\u00e1m\u00edt\u00f3g\u00e9p, -perif\u00e9ria jav\u00edt\u00e1sa&#8221;- szolg\u00e1ltat\u00e1s t\u00e1rgy\u00e1ban megk\u00f6t\u00f6tt Szolg\u00e1ltat\u00e1si Szerz\u0151d\u00e9sre (Szolg\u00e1ltat\u00e1s Megrendel\u0151lap). Az \u00c1SZF szab\u00e1lyozza a felek tart\u00f3s jogviszony\u00e1nak \u00e1ltal\u00e1nos felt\u00e9teleit, a felek alapvet\u0151 jogait \u00e9s k\u00f6telezetts\u00e9geit.<\/p>\n<p>&nbsp;<\/p>\n<div id=\"titlebox-h2\">\n<h2>3. A szolg\u00e1ltat\u00e1sok<\/h2>\n<\/div>\n<p>&nbsp;<\/p>\n<p>Szolg\u00e1ltat\u00f3 Megrendel\u0151 r\u00e9sz\u00e9re szerviz szolg\u00e1ltat\u00e1st biztos\u00edt szerviz\u00e9ben a Megrendel\u0151 \u00e1ltal al\u00e1\u00edrt megrendel\u0151lap, vagy telefonos megrendel\u00e9s alapj\u00e1n Megrendel\u0151n\u00e9l az \u00e1ltala megjel\u00f6lt helysz\u00ednen.<\/p>\n<p><b>3.1 Szolg\u00e1ltat\u00e1sok ig\u00e9nybev\u00e9tel\u00e9nek menete<\/b><\/p>\n<p>3.1.1 Megrendel\u0151 el\u0151zetes id\u0151pont egyeztet\u00e9s ut\u00e1n a jav\u00edtand\u00f3 sz\u00e1m\u00edt\u00f3g\u00e9peket\/eszk\u00f6z\u00f6ket Szolg\u00e1ltat\u00f3 telephely\u00e9n leadja, az \u00e1tv\u00e9telkor szolg\u00e1ltat\u00e1s megrendel\u0151lap k\u00e9sz\u00fcl, melyben Megrendel\u0151 megadja adatait \u00e9s Szolg\u00e1ltat\u00f3 r\u00f6gz\u00edti a leadott eszk\u00f6z\u00f6ket valamint a hibajelens\u00e9get, az elv\u00e9gzend\u0151 feladatokat. Helysz\u00edni jav\u00edt\u00e1s eset\u00e9n a jav\u00edt\u00e1s el\u0151zetes id\u0151pontegyeztet\u00e9s alapj\u00e1n a Megrendel\u0151 \u00e1ltal megadott helysz\u00ednen t\u00f6rt\u00e9nik, eben az esetben Szolg\u00e1ltat\u00f3 telefonon r\u00f6gz\u00edti a szolg\u00e1ltat\u00e1s ny\u00fajt\u00e1s\u00e1hoz n\u00e9lk\u00fcl\u00f6zhetetlen szem\u00e9yles adatokat, valamint a hiba le\u00edr\u00e1s\u00e1t. A tov\u00e1bbi pontok szervizben t\u00f6rt\u00e9n\u0151 jav\u00edt\u00e1sra vonatkoznak.<\/p>\n<p>3.1.2 Szervizben t\u00f6rt\u00e9n\u0151 jav\u00edt\u00e1s eset\u00e9n Szolg\u00e1ltat\u00f3 v\u00e1rhat\u00f3an 1-5 munkanapon bel\u00fcl a leadott eszk\u00f6z\u00f6n diagnosztik\u00e1t v\u00e9gez, majd a diagnosztika ut\u00e1n telfonon egyeztet Megrendel\u0151vel, k\u00f6zel\u00edt\u0151 \u00e1rat \u00e9s elk\u00e9sz\u00fcl\u00e9si id\u0151t mond a jav\u00edt\u00e1sra, melyet Megrendel\u0151 elfogadhat vagy visszautas\u00edthat.<\/p>\n<p>3.1.3 Szolg\u00e1ltat\u00f3 Megrendel\u0151 d\u00f6nt\u00e9se alapj\u00e1n az adott munk\u00e1t elv\u00e9gzi, vagy a munk\u00e1t lez\u00e1rja, arr\u00f3l diagnosztikai lapot k\u00e9sz\u00edt, mely tartalmazza a munkav\u00e9gz\u00e9s le\u00edr\u00e1s\u00e1t.<\/p>\n<p>3.1.4 Az elk\u00e9sz\u00fclt munk\u00e1t Megrendel\u0151 el\u0151zetes telefonos egyeztet\u00e9s alapj\u00e1n a szervizben \u00e1tveheti.<\/p>\n<p><b>3.2 Szolg\u00e1ltat\u00e1s ig\u00e9nybev\u00e9tel\u00e9nek jogi felt\u00e9teli<\/b><\/p>\n<p>Az Megrendel\u0151 a szolg\u00e1ltat\u00e1st kiz\u00e1r\u00f3lag abban az esetben veheti ig\u00e9nybe, ha elfogadta jelen Szolg\u00e1ltat\u00e1si Keretszerz\u0151d\u00e9s felt\u00e9teleit, mely a Szolg\u00e1ltat\u00e1s Megrendel\u0151lap al\u00e1\u00edr\u00e1s\u00e1val, vagy helysz\u00edn\u00ed szerviz eset\u00e9n r\u00e1utal\u00f3 magatart\u00e1ssal megt\u00f6rt\u00e9nik.<\/p>\n<p>&nbsp;<\/p>\n<div id=\"titlebox-h2\">\n<h2>4. Megrendel\u0151 jogai \u00e9s k\u00f6telezetts\u00e9gei<\/h2>\n<\/div>\n<p>&nbsp;<\/p>\n<p><b>4.1 Teljes\u00edt\u00e9si seg\u00e9d ig\u00e9nybe v\u00e9tele<\/b><\/p>\n<p>Megrendel\u0151 j\u00f3v\u00e1hagy\u00f3lag tudom\u00e1sul veszi, hogy Szolg\u00e1ltat\u00f3 jogosult b\u00e1rmely szerz\u0151d\u00e9ses k\u00f6telezetts\u00e9g\u00e9nek teljes\u00edt\u00e9s\u00e9hez alv\u00e1llalkoz\u00f3t vagy m\u00e1s k\u00f6zrem\u0171k\u00f6d\u0151t ig\u00e9nybe venni. Megrendel\u0151 tudom\u00e1sul veszi, hogy amennyiben Szolg\u00e1ltat\u00f3 k\u00f6telezetts\u00e9geinek teljes\u00edt\u00e9s\u00e9hez teljes\u00edt\u00e9si seg\u00e9det vesz ig\u00e9nybe, \u00fagy jogosult a teljes\u00edt\u00e9si seg\u00e9d r\u00e9sz\u00e9re az Megrendel\u0151 adatait \u00e1tadni.<\/p>\n<p><b>4.2 A Szolg\u00e1ltat\u00e1si d\u00edj megfizet\u00e9s\u00e9nek k\u00f6telezetts\u00e9ge<\/b><\/p>\n<p>Szervizszolg\u00e1ltat\u00e1s eset\u00e9n a Szolg\u00e1ltat\u00e1si D\u00edj egyszeri d\u00edjb\u00f3l \u00e1ll, az k\u00e9szp\u00e9nzben a jav\u00edtott eszk\u00f6z \u00e1tv\u00e9telekor, vagy egyedi elb\u00edr\u00e1l\u00e1s alapj\u00e1n \u00e1tutal\u00e1ssal fizetend\u0151.<\/p>\n<p>Szolg\u00e1ltat\u00f3 jogosult Megrendel\u0151 r\u00e9sz\u00e9re sz\u00e1ml\u00e1t ki\u00e1ll\u00edtani \u00e9s azt Megrendel\u0151 r\u00e9sz\u00e9re szem\u00e9lyesen, postai vagy elektronikus \u00faton eljuttatni.<\/p>\n<p>Megrendel\u0151 k\u00f6teles a ki\u00e1ll\u00edtott \u00e9s elfogadott sz\u00e1mla alapj\u00e1n a D\u00edjszab\u00e1sban foglaltak szerint kisz\u00e1m\u00edtott Szolg\u00e1ltat\u00e1si D\u00edjat a bizonylaton felt\u00fcntetett fizet\u00e9si hat\u00e1rid\u0151n bel\u00fcl megfizetni Szolg\u00e1ltat\u00f3nak.<\/p>\n<p>A fizet\u00e9si k\u00f6telezetts\u00e9g elmulaszt\u00e1sa vagy k\u00e9sedelmes teljes\u00edt\u00e9se eset\u00e9n Szolg\u00e1ltat\u00f3 jogosult a mindenkori jegybanki alapkamat k\u00e9tszeres\u00e9nek felsz\u00e1mol\u00e1s\u00e1ra.<\/p>\n<p>A fizet\u00e9si k\u00f6telezetts\u00e9g elmulaszt\u00e1sa a sz\u00e1ml\u00e1n felt\u00fcntetett fizet\u00e9si hat\u00e1rid\u0151 napj\u00e1t k\u00f6vet\u0151 napon l\u00e9p \u00e9letbe. Amennyiben Megrendel\u0151 a Szolg\u00e1ltat\u00e1si D\u00edj megfizet\u00e9s\u00e9vel 30 napot meghalad\u00f3 k\u00e9sedelembe esik, Szolg\u00e1ltat\u00f3 jogosult a k\u00f6vetel\u00e9s behajt\u00e1sa c\u00e9lj\u00e1b\u00f3l az Megrendel\u0151 a Szolg\u00e1ltat\u00e1si Szerz\u0151d\u00e9sben felt\u00fcntetett adatait harmadik szem\u00e9ly megb\u00edzottj\u00e1nak \u00e1tadni. Szolg\u00e1ltat\u00f3 megb\u00edzottja a k\u00f6vetel\u00e9s behajt\u00e1s\u00e1nak \u00e9rdek\u00e9ben jogosult ezt k\u00f6vet\u0151en Megrendel\u0151vel szemben Szolg\u00e1ltat\u00f3 nev\u00e9ben teljes k\u00f6r\u0171en elj\u00e1rni.<\/p>\n<p><b>4.3 Megrendel\u0151 t\u00e1j\u00e9koztat\u00e1sa<\/b><\/p>\n<p>Megrendel\u0151 hozz\u00e1j\u00e1rul ahhoz, hogy r\u00e9sz\u00e9re Szolg\u00e1ltat\u00f3 csakis saj\u00e1t vagy le\u00e1nyv\u00e1llalatai szolg\u00e1ltat\u00e1sainak b\u0151v\u00fcl\u00e9s\u00e9r\u0151l, v\u00e1ltoz\u00e1sair\u00f3l, e-mail vagy postai k\u00fcldem\u00e9ny \u00fatj\u00e1n t\u00e1j\u00e9koztat\u00f3t \u00e9s h\u00edrlevelet juttasson el.<\/p>\n<p>&nbsp;<\/p>\n<div id=\"titlebox-h2\">\n<h2>5. Szolg\u00e1ltat\u00f3 jogai, k\u00f6telezetts\u00e9gei<\/h2>\n<\/div>\n<p>&nbsp;<\/p>\n<p><b>5.1 Szolg\u00e1ltat\u00f3 szolg\u00e1ltat\u00e1sainak \u00e9s \u00c1SZF m\u00f3dos\u00edt\u00e1s\u00e1nak joga<\/b><\/p>\n<p>Szolg\u00e1ltat\u00f3 jogosult jelen \u00c1SZF egyoldal\u00fa m\u00f3dos\u00edt\u00e1s\u00e1ra.<\/p>\n<p><b>5.2 \u00dcgyf\u00e9lszolg\u00e1lat<\/b><\/p>\n<p>Szolg\u00e1ltat\u00f3 az Megrendel\u0151 ig\u00e9nyeinek, panaszainak, nyilatkozatainak, bejelent\u00e9seinek int\u00e9z\u00e9s\u00e9re telefonos \u00fcgyf\u00e9lszolg\u00e1latot m\u0171k\u00f6dtet (a tov\u00e1bbiakban: \u00fcgyf\u00e9lszolg\u00e1lat).<\/p>\n<p>Szolg\u00e1ltat\u00f3 a telefonos \u00fcgyf\u00e9lszolg\u00e1laton \u00a0k\u00edv\u00fcl e-mailben is el\u00e9rhet\u0151 \u00fcgyf\u00e9lszolg\u00e1latot m\u0171k\u00f6dtet az info@gepkiraly-pcszerviz.hu e-mail c\u00edmen.<\/p>\n<p>A telefonos \u00fcgyf\u00e9lszolg\u00e1lat a +36 20 405 3920 \u00a0telefonsz\u00e1mon munkanapokon 9-17 \u00f3r\u00e1ig fogadja az \u00fcgyfelek h\u00edv\u00e1sait.<\/p>\n<p><b>5.3 A Szolg\u00e1ltat\u00f3 szolg\u00e1ltat\u00e1si k\u00f6telezetts\u00e9ge<\/b><\/p>\n<p>Szolg\u00e1ltat\u00f3 k\u00f6telezetts\u00e9get v\u00e1llal arra, hogy a Szolg\u00e1ltat\u00e1si Szerz\u0151d\u00e9sben (megrendel\u0151lap) felvett munk\u00e1t legjobb tud\u00e1s\u00e1nak megfelel\u0151en elv\u00e9gzi, Megrendel\u0151t megfelel\u0151en t\u00e1j\u00e9koztatja a jav\u00edt\u00e1sr\u00f3l \u00e9s annak \u00e1llapot\u00e1r\u00f3l.<\/p>\n<p>&nbsp;<\/p>\n<div id=\"titlebox-h2\">\n<h2>6. Adatkezel\u00e9s<\/h2>\n<\/div>\n<p>&nbsp;<\/p>\n<p><b>6.1 Adatkezel\u00e9s jogalapja, a kezelt adatok k\u00f6re<\/b><\/p>\n<p>Az adatkezel\u00e9s jogalapja szervizben t\u00f6rt\u00e9n\u0151 jav\u00edt\u00e1s eset\u00e9n szerz\u0151d\u00e9s (megrendel\u0151lap) vagy helysz\u00edni munkav\u00e9gz\u00e9s eset\u00e9n -\u00edr\u00e1sbeli szerz\u0151d\u00e9s hi\u00e1ny\u00e1ban- Jogos \u00e9rdek, mivel Szolg\u00e1ltat\u00f3 \u00e9s Megrendel\u0151 jogos \u00e9rdeke a szolg\u00e1ltat\u00e1s teljes\u00edt\u00e9s\u00e9hez Megrendel\u0151 \u00e9s Megrendel\u0151 kapcsolattart\u00f3inak adatait nyilv\u00e1ntartani, annak hi\u00e1ny\u00e1ban a szolg\u00e1ltat\u00e1s nem teljes\u00edthet\u0151.<\/p>\n<p>A kezelt szem\u00e9yles adatok k\u00f6re:<\/p>\n<p>&#8211; Megrendel\u0151 neve,<br \/>\n&#8211; Megrendel\u0151 c\u00edme,<br \/>\n&#8211; Megrendel\u0151 telefonsz\u00e1ma,<br \/>\n&#8211; Megrendel\u0151 e-mail c\u00edme,<br \/>\n&#8211; Kapcsoalttart\u00f3 neve,<br \/>\n&#8211; Kapcsolattart\u00f3 e-mail c\u00edme,<br \/>\n&#8211; Kapcsolattart\u00f3 telfonsz\u00e1ma.<\/p>\n<p>Szolg\u00e1ltat\u00f3 a szervizszolg\u00e1ltat\u00e1st magas min\u0151s\u00e9gen v\u00e9gzi, ez\u00e9rt a szolg\u00e1ltat\u00e1s sor\u00e1n jav\u00edtott eszk\u00f6z\u00f6k adatait is r\u00f6gz\u00edti rendszer\u00e9ben, mely alapj\u00e1n Megrendel\u0151 nem beazonos\u00edthat\u00f3, \u00edgy ezen adatok nem min\u0151s\u00fclnek szem\u00e9yles adatnak, de a k\u00e9s\u0151bbiekben a szolg\u00e1ltat\u00e1s gyorsas\u00e1g\u00e1t \u00e9s min\u0151s\u00e9g\u00e9t jav\u00edthatj\u00e1k.<\/p>\n<p><b>6.2 Adatbiztons\u00e1g<\/b><\/p>\n<p>Szolg\u00e1ltat\u00f3 k\u00f6teles Megrendel\u0151 szem\u00e9lyes adatait a mindenkori t\u00f6rv\u00e9nyeknek \u00e9s jogszab\u00e1lyoknak megfelel\u0151en kezelni. Szolg\u00e1ltat\u00f3 k\u00f6teles az Megrendel\u0151 szem\u00e9lyes adatai kezel\u00e9s\u00e9nek m\u0171szaki biztons\u00e1g\u00e1t megteremteni \u00e9s m\u0171szaki int\u00e9zked\u00e9sekkel megakad\u00e1lyozni azt, hogy ezen adatokhoz illet\u00e9ktelenek hozz\u00e1f\u00e9rhessenek.<\/p>\n<p>Szolg\u00e1ltat\u00f3 v\u00e1llalja, hogy az Megrendel\u0151ket tartalmaz\u00f3 adatb\u00e1zis\u00e1t olyan rendszeren t\u00e1rolja, amely megk\u00f6veteli a hozz\u00e1f\u00e9r\u0151 szem\u00e9lyek azonos\u00edt\u00e1s\u00e1t \u00e9s biztos\u00edtja, hogy a hozz\u00e1f\u00e9r\u0151 szem\u00e9lyek csak a jogosults\u00e1gaiknak megfelel\u0151 adatokhoz f\u00e9rhessenek hozz\u00e1.<\/p>\n<p>Szolg\u00e1ltat\u00f3 kijelenti, hogy Megrendel\u0151 szem\u00e9lyes adatait kiz\u00e1r\u00f3lag a Szolg\u00e1ltat\u00e1sok ny\u00fajt\u00e1sa v\u00e9gett, illetve a Szolg\u00e1ltat\u00e1si D\u00edj sz\u00e1ml\u00e1z\u00e1sa c\u00e9lj\u00e1b\u00f3l kezeli. Szolg\u00e1ltat\u00f3 a Szolg\u00e1ltat\u00e1sok ny\u00fajt\u00e1sa sor\u00e1n birtok\u00e1ba ker\u00fclt minden adatot \u00e9s inform\u00e1ci\u00f3t bizalmasan kezel. Az adatv\u00e9delmi \u00e9s titoktart\u00e1si k\u00f6telezetts\u00e9g Szolg\u00e1ltat\u00f3 alkalmazottj\u00e1t, tagj\u00e1t, megb\u00edzottj\u00e1t a Szolg\u00e1ltat\u00f3val azonos m\u00f3don terheli.<\/p>\n<p>El\u0151fordulhat, hogy Szolg\u00e1ltat\u00f3 a szolg\u00e1ltat\u00e1s ny\u00fajt\u00e1s\u00e1nak sikeress\u00e9ge \u00e9rdek\u00e9ben Megrendel\u0151 adatait k\u00f6zponti sz\u00e1m\u00edt\u00f3g\u00e9p\u00e9re vagy k\u00fcls\u0151 adatt\u00e1rol\u00f3ra menti (pl. rossz adatt\u00e1r\u00f3l\u00f3, oper\u00e1ci\u00f3s rendszer \u00fajratelep\u00edt\u00e9s miatt). Ut\u00f3bbi esetben a mentett adatokat Szolg\u00e1ltat\u00f3 a szolg\u00e1ltat\u00e1s teljes\u00edt\u00e9se ut\u00e1n m\u00e9g legal\u00e1bb 2 h\u00e9tig, legk\u00e9s\u0151bb 2 h\u00f3napig meg\u00f6rzi, majd v\u00e9glegesen t\u00f6rli.<\/p>\n<p>&nbsp;<\/p>\n<div id=\"titlebox-h2\">\n<h2>7. Egy\u00e9b rendelkez\u00e9sek<\/h2>\n<\/div>\n<p>&nbsp;<\/p>\n<p>7.1 A Szolg\u00e1ltat\u00e1si Keretszerz\u0151d\u00e9s a megrendel\u0151lap Megrendel\u0151 \u00e1ltali al\u00e1\u00edr\u00e1s\u00e1val vagy r\u00e1utal\u00f3 magatart\u00e1ssal j\u00f6n l\u00e9tre.<\/p>\n<p>7.2 A Szolg\u00e1ltat\u00e1si Szerz\u0151d\u00e9s m\u00f3dos\u00edt\u00e1sa minden esetben \u00edr\u00e1sban t\u00f6rt\u00e9nik \u00faj megrendel\u0151lap kit\u00f6lt\u00e9s\u00e9vel, vagy E-Mailben tett nyilatkozattal.<\/p>\n<p>7.3 Szolg\u00e1ltat\u00f3 \u00e9s Megrendel\u0151 k\u00f6lcs\u00f6n\u00f6sen kijelentik, illetve k\u00f6lcs\u00f6n\u00f6sen j\u00f3v\u00e1hagy\u00f3lag tudom\u00e1sul veszik, hogy rendelkeznek azzal a k\u00e9pess\u00e9ggel \u00e9s meghatalmaz\u00e1ssal, hogy jelen szerz\u0151d\u00e9ses kapcsolatba l\u00e9pjenek \u00e9s az ebb\u0151l fakad\u00f3 szerz\u0151d\u00e9ses k\u00f6telezetts\u00e9geiket teljes\u00edts\u00e9k.<\/p>\n<p>7.4 B\u00e1rmely, e szerz\u0151d\u00e9s alkalmaz\u00e1s\u00e1b\u00f3l ered\u0151 vita eset\u00e9n, ha Felek nem jutnak peren k\u00edv\u00fcli egyezs\u00e9gre, a F\u0151v\u00e1rosi B\u00edr\u00f3s\u00e1g illet\u00e9kess\u00e9g\u00e9t k\u00f6tik ki. Jogvita eset\u00e9n a Magyar K\u00f6zt\u00e1rsas\u00e1g t\u00f6rv\u00e9nyei \u00e9s jogszab\u00e1lyai az ir\u00e1nyad\u00f3k.<\/p>\n<p>7.5 Egyik f\u00e9l sem felel a szerz\u0151d\u00e9s szerinti k\u00f6telezetts\u00e9ge teljes\u00edt\u00e9s\u00e9\u00e9rt azon esetekben, amikor olyan, mindk\u00e9t f\u00e9l \u00e9rdekk\u00f6r\u00e9n k\u00edv\u00fcl es\u0151, el\u0151re nem l\u00e1that\u00f3 k\u00f6r\u00fclm\u00e9nyek (vis major) mer\u00fclnek fel, amelyek megakad\u00e1lyozz\u00e1k a szerz\u0151d\u00e9s teljes\u00edt\u00e9s\u00e9t. Ilyen k\u00f6r\u00fclm\u00e9nyek: h\u00e1bor\u00fas cselekm\u00e9nyek, l\u00e1zad\u00e1s, szabot\u00e1zs, robbant\u00e1sos mer\u00e9nylet, vagy m\u00e1s sz\u00fcks\u00e9ghelyzet, elemi csap\u00e1s, \u00e1rv\u00edz, t\u0171zv\u00e9sz, vill\u00e1mcsap\u00e1s, illetve m\u00e1s term\u00e9szeti katasztr\u00f3fa, munkabesz\u00fcntet\u00e9s, a honv\u00e9delmi t\u00f6rv\u00e9ny, rend\u0151rs\u00e9gi t\u00f6rv\u00e9ny alapj\u00e1n feljogos\u00edtott szervek rendelkez\u00e9s\u00e9re tett int\u00e9zked\u00e9s. A teljes\u00edtett szolg\u00e1ltat\u00e1sok sz\u00e1ml\u00e1j\u00e1nak kiegyenl\u00edt\u00e9se al\u00f3l viszont ezen esem\u00e9nyek sem jelentenek mentess\u00e9get.<\/p>\n<p>7.6 A szolg\u00e1ltat\u00e1si keretszerz\u0151d\u00e9sben nem szab\u00e1lyozott k\u00e9rd\u00e9sekben a Ptk. szab\u00e1lyai ir\u00e1nyad\u00f3k.<\/p>\n","protected":false},"excerpt":{"rendered":"<p>\u00c1ltal\u00e1nos Szerz\u0151d\u00e9si Felt\u00e9telek (Szerviz szolg\u00e1ltat\u00e1s) &nbsp; A G\u00e9pkir\u00e1ly Pc szerviz \u00c1ltal\u00e1nos Szerz\u0151d\u00e9si Felt\u00e9telei &#8222;Sz\u00e1m\u00edt\u00f3g\u00e9p, -perif\u00e9ria jav\u00edt\u00e1sa&#8221; szolg\u00e1ltat\u00e1s ny\u00fajt\u00e1sa t\u00e1rgy\u00e1ban. Ennek elfogad\u00e1s\u00e1val \u00d6n szolg\u00e1ltat\u00e1si felt\u00e9teleinket elfogadja, a Szolg\u00e1ltat\u00e1si keretszerz\u0151d\u00e9se l\u00e9trej\u00f6n. Hat\u00e1lyos: 2020.07.01 1. \u00c1SZF alanyai, szerz\u0151d\u0151 felek &nbsp; 1.1 A Szolg\u00e1ltat\u00f3 \u00e9s Megrendel\u0151 Jelen \u00c1SZF kiterjed egyr\u00e9szr\u0151l a G\u00e9pkir\u00e1ly Pc szerviz-re, mint szolg\u00e1ltat\u00f3ra (a tov\u00e1bbiakban: Szolg\u00e1ltat\u00f3), [&hellip;]<\/p>\n","protected":false},"author":1,"featured_media":0,"parent":0,"menu_order":0,"comment_status":"closed","ping_status":"closed","template":"","meta":{"_et_pb_use_builder":"","_et_pb_old_content":"","_et_gb_content_width":"","footnotes":""},"yst_prominent_words":[],"class_list":["post-422","page","type-page","status-publish","hentry"],"_links":{"self":[{"href":"https:\/\/gepkiraly-pcszerviz.hu\/index.php?rest_route=\/wp\/v2\/pages\/422"}],"collection":[{"href":"https:\/\/gepkiraly-pcszerviz.hu\/index.php?rest_route=\/wp\/v2\/pages"}],"about":[{"href":"https:\/\/gepkiraly-pcszerviz.hu\/index.php?rest_route=\/wp\/v2\/types\/page"}],"author":[{"embeddable":true,"href":"https:\/\/gepkiraly-pcszerviz.hu\/index.php?rest_route=\/wp\/v2\/users\/1"}],"replies":[{"embeddable":true,"href":"https:\/\/gepkiraly-pcszerviz.hu\/index.php?rest_route=%2Fwp%2Fv2%2Fcomments&post=422"}],"version-history":[{"count":3,"href":"https:\/\/gepkiraly-pcszerviz.hu\/index.php?rest_route=\/wp\/v2\/pages\/422\/revisions"}],"predecessor-version":[{"id":560,"href":"https:\/\/gepkiraly-pcszerviz.hu\/index.php?rest_route=\/wp\/v2\/pages\/422\/revisions\/560"}],"wp:attachment":[{"href":"https:\/\/gepkiraly-pcszerviz.hu\/index.php?rest_route=%2Fwp%2Fv2%2Fmedia&parent=422"}],"wp:term":[{"taxonomy":"yst_prominent_words","embeddable":true,"href":"https:\/\/gepkiraly-pcszerviz.hu\/index.php?rest_route=%2Fwp%2Fv2%2Fyst_prominent_words&post=422"}],"curies":[{"name":"wp","href":"https:\/\/api.w.org\/{rel}","templated":true}]}}