{"id":442,"date":"2020-07-13T06:56:29","date_gmt":"2020-07-13T06:56:29","guid":{"rendered":"https:\/\/gepkiraly-pcszerviz.hu\/?page_id=442"},"modified":"2023-07-16T22:06:32","modified_gmt":"2023-07-16T22:06:32","slug":"it-uzemeltetes","status":"publish","type":"page","link":"https:\/\/gepkiraly-pcszerviz.hu\/?page_id=442","title":{"rendered":"IT \u00fczemeltet\u00e9s"},"content":{"rendered":"<p>[et_pb_section fb_built=&#8221;1&#8243; admin_label=&#8221;section&#8221; _builder_version=&#8221;3.22&#8243; custom_padding=&#8221;49px||0px|||&#8221;][et_pb_row column_structure=&#8221;1_2,1_2&#8243; use_custom_gutter=&#8221;on&#8221; gutter_width=&#8221;2&#8243; make_equal=&#8221;on&#8221; admin_label=&#8221;row&#8221; _builder_version=&#8221;4.4.5&#8243; background_size=&#8221;initial&#8221; background_position=&#8221;top_left&#8221; background_repeat=&#8221;repeat&#8221; width=&#8221;90%&#8221; width_tablet=&#8221;90%&#8221; width_phone=&#8221;90%&#8221; width_last_edited=&#8221;on|tablet&#8221; max_width=&#8221;1170px&#8221; max_width_tablet=&#8221;90%&#8221; max_width_phone=&#8221;90%&#8221; max_width_last_edited=&#8221;on|desktop&#8221; custom_padding=&#8221;0px|||||&#8221;][et_pb_column type=&#8221;1_2&#8243; _builder_version=&#8221;4.4.5&#8243; custom_padding=&#8221;|||&#8221; animation_style=&#8221;slide&#8221; animation_delay=&#8221;500ms&#8221; custom_padding__hover=&#8221;|||&#8221;][et_pb_text _builder_version=&#8221;4.0.9&#8243; text_font=&#8221;Poppins||||||||&#8221; text_text_color=&#8221;#0063d9&#8243; text_font_size=&#8221;36px&#8221; text_letter_spacing=&#8221;3px&#8221; text_line_height=&#8221;1em&#8221;]<\/p>\n<p>IT \u00fczemeltet\u00e9s<\/p>\n<p>[\/et_pb_text][\/et_pb_column][et_pb_column type=&#8221;1_2&#8243; _builder_version=&#8221;4.4.5&#8243; custom_padding=&#8221;|||&#8221; animation_style=&#8221;slide&#8221; animation_delay=&#8221;750ms&#8221; custom_padding__hover=&#8221;|||&#8221;][\/et_pb_column][\/et_pb_row][\/et_pb_section][et_pb_section fb_built=&#8221;1&#8243; admin_label=&#8221;section&#8221; _builder_version=&#8221;4.4.5&#8243; custom_padding=&#8221;3px||27px||false|false&#8221;][et_pb_row column_structure=&#8221;1_2,1_2&#8243; use_custom_gutter=&#8221;on&#8221; gutter_width=&#8221;2&#8243; make_equal=&#8221;on&#8221; admin_label=&#8221;row&#8221; _builder_version=&#8221;4.4.5&#8243; background_size=&#8221;initial&#8221; background_position=&#8221;top_left&#8221; background_repeat=&#8221;repeat&#8221; width=&#8221;90%&#8221; width_tablet=&#8221;90%&#8221; width_phone=&#8221;90%&#8221; width_last_edited=&#8221;on|tablet&#8221; max_width=&#8221;1170px&#8221; max_width_tablet=&#8221;90%&#8221; max_width_phone=&#8221;90%&#8221; max_width_last_edited=&#8221;on|desktop&#8221; custom_margin=&#8221;|auto|-6px|auto||&#8221; custom_padding=&#8221;0px||13px|||&#8221;][et_pb_column type=&#8221;1_2&#8243; _builder_version=&#8221;3.25&#8243; custom_padding=&#8221;|||&#8221; custom_padding__hover=&#8221;|||&#8221;][et_pb_text _builder_version=&#8221;4.0.9&#8243; text_font=&#8221;Poppins|700|||||||&#8221; text_text_color=&#8221;#2b2b2d&#8221; text_font_size=&#8221;40px&#8221; text_letter_spacing=&#8221;-1px&#8221; text_line_height=&#8221;1.2em&#8221; text_orientation=&#8221;center&#8221; custom_margin=&#8221;25px||||false|false&#8221; custom_margin_tablet=&#8221;-10px||||false|false&#8221; custom_margin_phone=&#8221;-10px||||false|false&#8221; custom_margin_last_edited=&#8221;on|phone&#8221; text_font_size_tablet=&#8221;&#8221; text_font_size_phone=&#8221;30px&#8221; text_font_size_last_edited=&#8221;on|phone&#8221;]<\/p>\n<h2>Rendszergazda szolg\u00e1ltat\u00e1s<\/h2>\n<p>[\/et_pb_text][et_pb_text _builder_version=&#8221;4.0.9&#8243; text_text_color=&#8221;#000000&#8243; header_text_color=&#8221;#000000&#8243;]<\/p>\n<p>\u00dczemeltet\u00e9s ter\u00e9n megold\u00e1st k\u00edn\u00e1lunk, melyeket legink\u00e1bb mikro-, kis- \u00e9s k\u00f6z\u00e9pv\u00e1llalkoz\u00e1soknak aj\u00e1nljuk. Komplett megold\u00e1st ny\u00fajtunk sz\u00e1m\u00edt\u00f3g\u00e9pek, kiszolg\u00e1l\u00f3k, \u00e9s ak\u00e1r az eg\u00e9sz IT infrastrukt\u00fara \u00fczemeltet\u00e9s\u00e9re. Ha \u00d6n stabil, megb\u00edzhat\u00f3, valamint folyamatosan j\u00f3 sebess\u00e9gen m\u0171k\u00f6d\u0151 eszk\u00f6z\u00f6ket \u00e9s informatikai rendszert szeretne, akkor olvasson tov\u00e1bb, mutatjuk hogyan tudunk seg\u00edteni!<\/p>\n<p>&nbsp;<\/p>\n<p>[\/et_pb_text][et_pb_text _builder_version=&#8221;4.0.9&#8243; custom_margin=&#8221;-4px|||-6px||&#8221; custom_padding=&#8221;|||9px||&#8221;]<\/p>\n<p>Rendszergazda szolg\u00e1ltat\u00e1sunkat mikro-, kis- \u00e9s k\u00f6z\u00e9pv\u00e1llalkoz\u00e1sok aj\u00e1nljuk, akiknek fontos, hogy informatikai rendszer\u00fck naprak\u00e9sz \u00e9s stabil legyen! Olyan v\u00e1llalkoz\u00e1soknak \u00e9rdemes szolg\u00e1ltat\u00e1sunkat ig\u00e9nyelni, akik t\u00f6bb sz\u00e1m\u00edt\u00f3g\u00e9ppel, t\u00f6bb alkalmazottal dolgoznak, de az alkalmi informatikai probl\u00e9m\u00e1k megold\u00e1s\u00e1ra nem \u00e9ri meg k\u00fcl\u00f6n munkat\u00e1rsat foglalkoztatniuk, az informatikai rendszer karbantart\u00e1s\u00e1t \u00e9s fel\u00fcgyelt\u00e9t pedig saj\u00e1t maguk nem tudj\u00e1k megoldani, vagy az nem lenne k\u00f6lts\u00e9ghat\u00e9kony.<\/p>\n<p>[\/et_pb_text][\/et_pb_column][et_pb_column type=&#8221;1_2&#8243; _builder_version=&#8221;3.25&#8243; custom_padding=&#8221;|||&#8221; custom_padding__hover=&#8221;|||&#8221;][et_pb_image src=&#8221;https:\/\/gepkiraly-pcszerviz.hu\/wp-content\/uploads\/2020\/07\/5206-scaled.jpg&#8221; _builder_version=&#8221;4.0.9&#8243; width=&#8221;63%&#8221; module_alignment=&#8221;center&#8221; border_width_all=&#8221;3px&#8221; border_color_all=&#8221;#0c71c3&#8243; box_shadow_style=&#8221;preset1&#8243;][\/et_pb_image][et_pb_image src=&#8221;https:\/\/gepkiraly-pcszerviz.hu\/wp-content\/uploads\/2020\/07\/8854-scaled.jpg&#8221; _builder_version=&#8221;4.0.9&#8243; width=&#8221;70%&#8221; border_width_all=&#8221;4px&#8221; border_color_all=&#8221;#0c71c3&#8243;][\/et_pb_image][\/et_pb_column][\/et_pb_row][et_pb_row _builder_version=&#8221;4.0.9&#8243; custom_margin=&#8221;|auto||59px||&#8221;][et_pb_column type=&#8221;4_4&#8243; _builder_version=&#8221;4.0.9&#8243;][et_pb_text _builder_version=&#8221;4.0.9&#8243;]<\/p>\n<p>Rendszergazda szolg\u00e1ltat\u00e1sunk mag\u00e1ban foglal olyan plusz funkci\u00f3kat, mint a kiemelt rendelkez\u00e9sre \u00e1ll\u00e1s, \u00e9s a folyamatos karbantart\u00e1s, mely sor\u00e1n az eszk\u00f6z\u00f6ket szem\u00e9lyesen is ellen\u0151rizz\u00fck. Ig\u00e9ny szerint weboldal\u00e1t is karbantartjuk, az informatikai rendszer megb\u00edzhat\u00f3s\u00e1g\u00e1nak \u00e9s gyorsas\u00e1g\u00e1nak n\u00f6vel\u00e9se \u00e9rdek\u00e9ben javaslatokat tesz\u00fcnk. Term\u00e9szetesen vannak hib\u00e1k, amelyek elker\u00fclhetetlenek (pl. term\u00e9szetes elhaszn\u00e1l\u00f3d\u00e1s). Probl\u00e9ma eset\u00e9n l\u00e9nyeges, hogy a kialakult helyzetre ne napok m\u00falva, hanem azonnal, vagy n\u00e9h\u00e1ny \u00f3r\u00e1n bel\u00fcl reag\u00e1lni lehessen. Ha baj van, rendszergazda szolg\u00e1ltat\u00e1sunk keret\u00e9ben gyors helysz\u00edni rendelkez\u00e9sre \u00e1ll\u00e1st, telefonos seg\u00edts\u00e9get ny\u00fajtunk \u00d6nnek \u00e9s munkat\u00e1rsainak! A munkad\u00edjak miatt pedig nem kell agg\u00f3dnia, ak\u00e1rmennyi hiba vagy k\u00e9r\u00e9s t\u00f6rt\u00e9nik, n\u00e1lunk egy havi FIX \u00e9s tervezhet\u0151 k\u00f6lts\u00e9ggel sz\u00e1molhat!<\/p>\n<p>[\/et_pb_text][et_pb_text _builder_version=&#8221;4.0.9&#8243; custom_padding=&#8221;5px|||||&#8221;]<\/p>\n<table>\n<thead>\n<tr>\n<td width=\"636\" align=\"left\"><span style=\"color: #0c71c3;\"><strong>Szolg\u00e1ltat\u00e1s<\/strong><\/span><\/td>\n<td width=\"240\"><span style=\"color: #0c71c3;\"><strong>Lista\u00e1r<\/strong><\/span><\/td>\n<\/tr>\n<\/thead>\n<tbody>\n<tr>\n<td align=\"left\"><\/td>\n<td><\/td>\n<\/tr>\n<tr>\n<td align=\"left\"><\/td>\n<td><\/td>\n<\/tr>\n<tr>\n<td align=\"left\">Rendszergazda szolg\u00e1ltat\u00e1s asztali \/ mobil sz\u00e1m\u00edt\u00f3g\u00e9pre havonta:<\/td>\n<td>6 000 Ft\u00a0 \/ db<\/td>\n<\/tr>\n<tr>\n<td align=\"left\"><\/td>\n<td><\/td>\n<\/tr>\n<tr>\n<td align=\"left\"><\/td>\n<td><\/td>\n<\/tr>\n<tr>\n<td align=\"left\">Rendszergazda szolg\u00e1ltat\u00e1s weboldal\u00e1ra (opcion\u00e1lis):<\/td>\n<td>Egyedi aj\u00e1nlat<\/td>\n<\/tr>\n<tr>\n<td align=\"left\">Korl\u00e1tlan telefonos \u00e9s t\u00e1vseg\u00edts\u00e9g (rendszergazda szolg\u00e1ltat\u00e1s eset\u00e9n):<\/td>\n<td>INGYENES<\/td>\n<\/tr>\n<tr>\n<td align=\"left\">Havi 1db helysz\u00edni \/ \u00fctemezett karbantart\u00e1s (rendszergazda szolg\u00e1ltat\u00e1s eset\u00e9n):<\/td>\n<td>INGYENES<\/td>\n<\/tr>\n<tr>\n<td align=\"left\">Helysz\u00edni kisz\u00e1ll\u00e1s \u00e9s probl\u00e9mamegold\u00e1s (rendszergazda szolg\u00e1ltat\u00e1s eset\u00e9n):<\/td>\n<td>INGYENES<\/td>\n<\/tr>\n<tr>\n<td align=\"left\">Norm\u00e1l rendelkez\u00e9sre \u00e1ll\u00e1si id\u0151szak:<\/td>\n<td>Munkanapokon 8 &#8211; 20 \u00f3r\u00e1ig<\/td>\n<\/tr>\n<tr>\n<td align=\"left\">Extra rendelkez\u00e9sre \u00e1ll\u00e1si id\u0151szak\u00a0 0-24<\/td>\n<td>Egyedi aj\u00e1nlat<\/td>\n<\/tr>\n<\/tbody>\n<\/table>\n<p>[\/et_pb_text][\/et_pb_column][\/et_pb_row][\/et_pb_section][et_pb_section fb_built=&#8221;1&#8243; admin_label=&#8221;section&#8221; _builder_version=&#8221;4.4.5&#8243; custom_padding=&#8221;3px||5px||false|false&#8221;][et_pb_row use_custom_gutter=&#8221;on&#8221; gutter_width=&#8221;2&#8243; make_equal=&#8221;on&#8221; admin_label=&#8221;row&#8221; _builder_version=&#8221;4.0.9&#8243; background_size=&#8221;initial&#8221; background_position=&#8221;top_left&#8221; background_repeat=&#8221;repeat&#8221; width=&#8221;90%&#8221; width_tablet=&#8221;90%&#8221; width_phone=&#8221;90%&#8221; width_last_edited=&#8221;on|tablet&#8221; max_width=&#8221;1170px&#8221; max_width_tablet=&#8221;90%&#8221; max_width_phone=&#8221;90%&#8221; max_width_last_edited=&#8221;on|desktop&#8221; custom_padding=&#8221;13px||34px|||&#8221; border_width_all=&#8221;5px&#8221; border_color_all=&#8221;#0c71c3&#8243;][et_pb_column type=&#8221;4_4&#8243; _builder_version=&#8221;3.25&#8243; custom_padding=&#8221;|||&#8221; custom_padding__hover=&#8221;|||&#8221;][et_pb_text _builder_version=&#8221;4.0.9&#8243; text_font=&#8221;Lustria||||||||&#8221; text_text_color=&#8221;#000000&#8243; text_font_size=&#8221;27px&#8221; text_line_height=&#8221;1.6em&#8221; text_orientation=&#8221;center&#8221; max_width=&#8221;657px&#8221; module_alignment=&#8221;center&#8221; custom_margin=&#8221;25px||||false|false&#8221; custom_margin_tablet=&#8221;-10px||||false|false&#8221; custom_margin_phone=&#8221;-10px||||false|false&#8221; custom_margin_last_edited=&#8221;on|phone&#8221; border_width_all=&#8221;12px&#8221; border_color_all=&#8221;#e02b20&#8243;]<\/p>\n<p><b>\u00dcgyf\u00e9lszolg\u00e1lat c\u00e9ges \u00fcgyfeleknek<\/b>: 06 30 607-6177<br \/><strong>E-mail:<\/strong>\u00a0info@gepkiraly-pcszerviz.hu<\/p>\n<p>[\/et_pb_text][\/et_pb_column][\/et_pb_row][\/et_pb_section][et_pb_section fb_built=&#8221;1&#8243; admin_label=&#8221;section&#8221; _builder_version=&#8221;4.4.5&#8243; custom_padding=&#8221;3px||150px||false|false&#8221;][\/et_pb_section][et_pb_section fb_built=&#8221;1&#8243; admin_label=&#8221;section&#8221; _builder_version=&#8221;4.4.5&#8243; background_color=&#8221;#F7F7F7&#8243; custom_padding=&#8221;0px||0px||true|&#8221; scroll_scaling_tablet=&#8221;0|50|50|100|100%|100|100&#8243; scroll_scaling_phone=&#8221;0|50|50|100|100%|100|100&#8243; scroll_scaling_last_edited=&#8221;on|phone&#8221;][\/et_pb_section]<\/p>\n","protected":false},"excerpt":{"rendered":"<p>IT \u00fczemeltet\u00e9sRendszergazda szolg\u00e1ltat\u00e1s\u00dczemeltet\u00e9s ter\u00e9n megold\u00e1st k\u00edn\u00e1lunk, melyeket legink\u00e1bb mikro-, kis- \u00e9s k\u00f6z\u00e9pv\u00e1llalkoz\u00e1soknak aj\u00e1nljuk. Komplett megold\u00e1st ny\u00fajtunk sz\u00e1m\u00edt\u00f3g\u00e9pek, kiszolg\u00e1l\u00f3k, \u00e9s ak\u00e1r az eg\u00e9sz IT infrastrukt\u00fara \u00fczemeltet\u00e9s\u00e9re. Ha \u00d6n stabil, megb\u00edzhat\u00f3, valamint folyamatosan j\u00f3 sebess\u00e9gen m\u0171k\u00f6d\u0151 eszk\u00f6z\u00f6ket \u00e9s informatikai rendszert szeretne, akkor olvasson tov\u00e1bb, mutatjuk hogyan tudunk seg\u00edteni! &nbsp;Rendszergazda szolg\u00e1ltat\u00e1sunkat mikro-, kis- \u00e9s k\u00f6z\u00e9pv\u00e1llalkoz\u00e1sok aj\u00e1nljuk, akiknek fontos, [&hellip;]<\/p>\n","protected":false},"author":1,"featured_media":0,"parent":0,"menu_order":0,"comment_status":"closed","ping_status":"closed","template":"","meta":{"_et_pb_use_builder":"on","_et_pb_old_content":"","_et_gb_content_width":"","footnotes":""},"yst_prominent_words":[],"class_list":["post-442","page","type-page","status-publish","hentry"],"_links":{"self":[{"href":"https:\/\/gepkiraly-pcszerviz.hu\/index.php?rest_route=\/wp\/v2\/pages\/442"}],"collection":[{"href":"https:\/\/gepkiraly-pcszerviz.hu\/index.php?rest_route=\/wp\/v2\/pages"}],"about":[{"href":"https:\/\/gepkiraly-pcszerviz.hu\/index.php?rest_route=\/wp\/v2\/types\/page"}],"author":[{"embeddable":true,"href":"https:\/\/gepkiraly-pcszerviz.hu\/index.php?rest_route=\/wp\/v2\/users\/1"}],"replies":[{"embeddable":true,"href":"https:\/\/gepkiraly-pcszerviz.hu\/index.php?rest_route=%2Fwp%2Fv2%2Fcomments&post=442"}],"version-history":[{"count":7,"href":"https:\/\/gepkiraly-pcszerviz.hu\/index.php?rest_route=\/wp\/v2\/pages\/442\/revisions"}],"predecessor-version":[{"id":602,"href":"https:\/\/gepkiraly-pcszerviz.hu\/index.php?rest_route=\/wp\/v2\/pages\/442\/revisions\/602"}],"wp:attachment":[{"href":"https:\/\/gepkiraly-pcszerviz.hu\/index.php?rest_route=%2Fwp%2Fv2%2Fmedia&parent=442"}],"wp:term":[{"taxonomy":"yst_prominent_words","embeddable":true,"href":"https:\/\/gepkiraly-pcszerviz.hu\/index.php?rest_route=%2Fwp%2Fv2%2Fyst_prominent_words&post=442"}],"curies":[{"name":"wp","href":"https:\/\/api.w.org\/{rel}","templated":true}]}}