{"id":586,"date":"2022-06-09T14:53:59","date_gmt":"2022-06-09T14:53:59","guid":{"rendered":"https:\/\/gepkiraly-pcszerviz.hu\/?page_id=586"},"modified":"2023-07-16T22:53:29","modified_gmt":"2023-07-16T22:53:29","slug":"weboldal-webshop","status":"publish","type":"page","link":"https:\/\/gepkiraly-pcszerviz.hu\/?page_id=586","title":{"rendered":"Weboldal-Webshop"},"content":{"rendered":"<p>[et_pb_section fb_built=&#8221;1&#8243; admin_label=&#8221;section&#8221; _builder_version=&#8221;3.22&#8243; custom_padding=&#8221;49px||0px|||&#8221;][et_pb_row use_custom_gutter=&#8221;on&#8221; gutter_width=&#8221;2&#8243; make_equal=&#8221;on&#8221; admin_label=&#8221;row&#8221; _builder_version=&#8221;4.0.9&#8243; background_size=&#8221;initial&#8221; background_position=&#8221;top_left&#8221; background_repeat=&#8221;repeat&#8221; width=&#8221;90%&#8221; width_tablet=&#8221;90%&#8221; width_phone=&#8221;90%&#8221; width_last_edited=&#8221;on|tablet&#8221; max_width=&#8221;1170px&#8221; max_width_tablet=&#8221;90%&#8221; max_width_phone=&#8221;90%&#8221; max_width_last_edited=&#8221;on|desktop&#8221; custom_padding=&#8221;0px|||||&#8221;][et_pb_column type=&#8221;4_4&#8243; _builder_version=&#8221;4.4.5&#8243; custom_padding=&#8221;|||&#8221; animation_style=&#8221;slide&#8221; animation_delay=&#8221;500ms&#8221; custom_padding__hover=&#8221;|||&#8221;][et_pb_text _builder_version=&#8221;4.0.9&#8243; text_font=&#8221;Poppins||||||||&#8221; text_text_color=&#8221;#0063d9&#8243; text_font_size=&#8221;62px&#8221; text_letter_spacing=&#8221;3px&#8221; text_line_height=&#8221;1em&#8221;]<\/p>\n<p style=\"text-align: center;\">Weboldal &#8211; Webshop<\/p>\n<p>[\/et_pb_text][\/et_pb_column][\/et_pb_row][\/et_pb_section][et_pb_section fb_built=&#8221;1&#8243; admin_label=&#8221;section&#8221; _builder_version=&#8221;4.4.5&#8243; custom_padding=&#8221;3px||27px||false|false&#8221;][et_pb_row column_structure=&#8221;1_2,1_2&#8243; use_custom_gutter=&#8221;on&#8221; gutter_width=&#8221;2&#8243; make_equal=&#8221;on&#8221; admin_label=&#8221;row&#8221; _builder_version=&#8221;4.4.5&#8243; background_size=&#8221;initial&#8221; background_position=&#8221;top_left&#8221; background_repeat=&#8221;repeat&#8221; width=&#8221;90%&#8221; width_tablet=&#8221;90%&#8221; width_phone=&#8221;90%&#8221; width_last_edited=&#8221;on|tablet&#8221; max_width=&#8221;1170px&#8221; max_width_tablet=&#8221;90%&#8221; max_width_phone=&#8221;90%&#8221; max_width_last_edited=&#8221;on|desktop&#8221; custom_margin=&#8221;|auto|-6px|auto||&#8221; custom_padding=&#8221;0px||13px|||&#8221;][et_pb_column type=&#8221;1_2&#8243; _builder_version=&#8221;3.25&#8243; custom_padding=&#8221;|||&#8221; custom_padding__hover=&#8221;|||&#8221;][et_pb_text _builder_version=&#8221;4.0.9&#8243; text_font=&#8221;Poppins|700|||||||&#8221; text_text_color=&#8221;#2b2b2d&#8221; text_font_size=&#8221;40px&#8221; text_letter_spacing=&#8221;-1px&#8221; text_line_height=&#8221;1.2em&#8221; text_orientation=&#8221;center&#8221; custom_margin=&#8221;25px||||false|false&#8221; custom_margin_tablet=&#8221;-10px||||false|false&#8221; custom_margin_phone=&#8221;-10px||||false|false&#8221; custom_margin_last_edited=&#8221;on|phone&#8221; text_font_size_tablet=&#8221;&#8221; text_font_size_phone=&#8221;30px&#8221; text_font_size_last_edited=&#8221;on|phone&#8221;]<\/p>\n<h2>Weboldal<\/h2>\n<p>[\/et_pb_text][et_pb_text _builder_version=&#8221;4.0.9&#8243; text_text_color=&#8221;#000000&#8243; header_text_color=&#8221;#000000&#8243;]<\/p>\n<p>\u00a0\u00c1lmodozol arr\u00f3l, hogy online jelenl\u00e9ted a versenyt\u00e1rsaid k\u00f6z\u00fcl kit\u0171nj\u00f6n? Ne el\u00e9gedj meg \u00e1tlagos megold\u00e1sokkal, mert mi seg\u00edt\u00fcnk megval\u00f3s\u00edtani a legmer\u00e9szebb elk\u00e9pzel\u00e9seidet!<\/p>\n<p>\u00a0Szak\u00e9rt\u0151 csapatunk, akik a kreativit\u00e1st \u00e9s az innov\u00e1ci\u00f3t szem el\u0151tt tartj\u00e1k, olyan megold\u00e1sokat k\u00edn\u00e1l, amelyek t\u00f6k\u00e9letesen illeszkednek a v\u00e1llalkoz\u00e1sodhoz \u00e9s az egyedi ig\u00e9nyeidhez. Nem hisz\u00fcnk az egyszerre mindenkinek val\u00f3 sablonokban, hanem azzal v\u00e1ltunk kiemelked\u0151v\u00e9, hogy a te v\u00e1llalkoz\u00e1sod szellemis\u00e9g\u00e9t \u00e9s \u00e9rt\u00e9keit t\u00fckr\u00f6z\u0151, webes \u00e9lm\u00e9nyeket teremt\u00fcnk.<\/p>\n<p>Amikor minket v\u00e1lasztasz, egy teljes m\u00e9rt\u00e9kben testreszabott weboldalt kapsz. A tervez\u00e9si folyamat sor\u00e1n figyelembe vessz\u00fck a v\u00e1llalkoz\u00e1sod c\u00e9ljait, a k\u00f6z\u00f6ns\u00e9ged ig\u00e9nyeit \u00e9s a piacon uralkod\u00f3 trendeket, hogy egyedi, letisztult \u00e9s funkcion\u00e1lis webes megold\u00e1st hozzunk l\u00e9tre. Nem csak a sz\u00e9p k\u00fcls\u0151re helyezz\u00fck a hangs\u00falyt, hanem a felhaszn\u00e1l\u00f3i \u00e9lm\u00e9nyre is, hogy az oldalad k\u00f6nnyen \u00e1tl\u00e1that\u00f3 \u00e9s navig\u00e1lhat\u00f3 legyen.<\/p>\n<p>Szolg\u00e1ltat\u00e1saink palett\u00e1ja sz\u00e9lesk\u00f6r\u0171, bele\u00e9rtve a reszponz\u00edv webdesign-t, testre szabott funkci\u00f3k \u00e9s alkalmaz\u00e1sok fejleszt\u00e9s\u00e9t, hat\u00e9kony tartalomkezel\u0151 rendszerek implement\u00e1l\u00e1s\u00e1t \u00e9s keres\u0151optimaliz\u00e1l\u00e1st is. Minden l\u00e9p\u00e9sben t\u00e1mogatunk, hogy egyedi weboldalad a digit\u00e1lis t\u00e9rben val\u00f3ban kiemelked\u0151v\u00e9 v\u00e1ljon.<\/p>\n<p>Az egyedi weboldal fejleszt\u00e9sben mi a szak\u00e9rtelem \u00e9s a szenved\u00e9ly erej\u00e9vel hisz\u00fcnk. B\u00edzd r\u00e1nk a v\u00e1llalkoz\u00e1sod online arculat\u00e1nak megteremt\u00e9s\u00e9t, \u00e9s garant\u00e1ljuk, hogy az eredm\u00e9ny elvar\u00e1zsol majd t\u00e9ged \u00e9s a l\u00e1togat\u00f3idat is.<\/p>\n<p>Vedd fel vel\u00fcnk a kapcsolatot m\u00e9g ma, \u00e9s kezdj\u00fck el \u00e1lmaid weboldal\u00e1nak megval\u00f3s\u00edt\u00e1s\u00e1t! Ne el\u00e9gedj meg az \u00e1tlagossal, l\u00e9gy k\u00fcl\u00f6nleges a digit\u00e1lis t\u00e9rben is!&#8221;<\/p>\n<p>&nbsp;<\/p>\n<p>[\/et_pb_text][\/et_pb_column][et_pb_column type=&#8221;1_2&#8243; _builder_version=&#8221;3.25&#8243; custom_padding=&#8221;|||&#8221; custom_padding__hover=&#8221;|||&#8221;][et_pb_image src=&#8221;https:\/\/gepkiraly-pcszerviz.hu\/wp-content\/uploads\/2023\/07\/Untitled-Design-79.png&#8221; _builder_version=&#8221;4.0.9&#8243; width=&#8221;63%&#8221; module_alignment=&#8221;center&#8221; border_width_all=&#8221;3px&#8221; border_color_all=&#8221;#0c71c3&#8243; box_shadow_style=&#8221;preset1&#8243;][\/et_pb_image][et_pb_image src=&#8221;https:\/\/gepkiraly-pcszerviz.hu\/wp-content\/uploads\/2023\/07\/Untitled-Design-76.png&#8221; _builder_version=&#8221;4.0.9&#8243; width=&#8221;70%&#8221; border_width_all=&#8221;4px&#8221; border_color_all=&#8221;#0c71c3&#8243;][\/et_pb_image][\/et_pb_column][\/et_pb_row][et_pb_row _builder_version=&#8221;4.0.9&#8243;][et_pb_column type=&#8221;4_4&#8243; _builder_version=&#8221;4.0.9&#8243;][et_pb_text _builder_version=&#8221;4.0.9&#8243; text_font=&#8221;Poppins|700|||||||&#8221; text_text_color=&#8221;#2b2b2d&#8221; text_font_size=&#8221;40px&#8221; text_letter_spacing=&#8221;-1px&#8221; text_line_height=&#8221;1.2em&#8221; text_orientation=&#8221;center&#8221; custom_margin=&#8221;25px||||false|false&#8221; custom_margin_tablet=&#8221;-10px||||false|false&#8221; custom_margin_phone=&#8221;-10px||||false|false&#8221; custom_margin_last_edited=&#8221;on|phone&#8221; text_font_size_tablet=&#8221;&#8221; text_font_size_phone=&#8221;30px&#8221; text_font_size_last_edited=&#8221;on|phone&#8221;]<\/p>\n<h2>Webshop<\/h2>\n<p>[\/et_pb_text][et_pb_text _builder_version=&#8221;4.0.9&#8243;]<\/p>\n<p><strong><em>&#8222;Fedezd fel a hat\u00e9konys\u00e1g \u00e9s az eredm\u00e9nyek \u00faj dimenzi\u00f3j\u00e1t az egyedi webshop fejleszt\u00e9s seg\u00edts\u00e9g\u00e9vel! Ha a bev\u00e9teln\u00f6vel\u00e9s a c\u00e9lod, akkor n\u00e1lunk megtal\u00e1lod a megold\u00e1st!<\/em><\/strong><\/p>\n<p>A digit\u00e1lis korban egy j\u00f3l tervezett \u00e9s optimaliz\u00e1lt webshop a siker kulcsa lehet. Ne el\u00e9gedj meg azzal, hogy csak jelen vagy az online t\u00e9rben, hanem t\u0171nj ki a versenyt\u00e1rsaid k\u00f6z\u00fcl egyedi \u00e9s vonz\u00f3 webshopoddal. Mi seg\u00edt\u00fcnk abban, hogy \u00fczleted digit\u00e1lis arculata letisztult, professzion\u00e1lis \u00e9s mag\u00e1val ragad\u00f3 legyen.<\/p>\n<p>Az egyedi webshop fejleszt\u00e9seink t\u00f6bbet ny\u00fajtanak, mint egy \u00e1tlagos online bolt. Csapatunk a legmodernebb technol\u00f3gi\u00e1kat \u00e9s leg\u00fajabb trendeket alkalmazva l\u00e9trehozza a v\u00e1llalkoz\u00e1sod szem\u00e9lyis\u00e9g\u00e9vel \u00e9s ig\u00e9nyeivel harmoniz\u00e1l\u00f3 webes platformot. Az intuit\u00edv felhaszn\u00e1l\u00f3i \u00e9lm\u00e9nyre, a reszponz\u00edv designra \u00e9s az egyszer\u0171 navig\u00e1ci\u00f3ra helyezz\u00fck a hangs\u00falyt, hogy l\u00e1togat\u00f3id k\u00f6nnyed\u00e9n \u00e9s gyorsan megtal\u00e1lj\u00e1k, amit keresnek.<\/p>\n<p>Az egyedi webshopoddal el\u00e9rheted a c\u00e9lcsoportodat b\u00e1rhol, b\u00e1rmikor. Kiemelked\u0151 funkcionalit\u00e1st biztos\u00edtunk, p\u00e9ld\u00e1ul egyszer\u0171 term\u00e9kfelt\u00f6lt\u00e9st, rugalmas fizet\u00e9si \u00e9s sz\u00e1ll\u00edt\u00e1si lehet\u0151s\u00e9geket, valamint hat\u00e9kony v\u00e1s\u00e1rl\u00f3i k\u00f6vet\u00e9si rendszereket. A bev\u00e9tel megsokszoroz\u00e1sa \u00e9rdek\u00e9ben optimaliz\u00e1ljuk az SEO-t, hogy a webshopod magasabb helyez\u00e9seket \u00e9rjen el a keres\u0151motorokban, \u00e9s t\u00f6bb organikus forgalmat gener\u00e1ljon.<\/p>\n<p>Mi hisz\u00fcnk a hat\u00e9konys\u00e1gban \u00e9s a n\u00f6veked\u00e9sben. Egyedi webshop fejleszt\u00e9seink eredm\u00e9nyeket hoznak. \u00c1lmaid webshopj\u00e1val el\u00e9rheted, hogy a bev\u00e9tel sokszoros\u00e1ra n\u0151j\u00f6n.\u00a0<\/p>\n<p>Ne engedd, hogy a versenyt\u00e1rsaid megel\u0151zzenek! Vedd fel vel\u00fcnk a kapcsolatot m\u00e9g ma, \u00e9s v\u00e1ltoztasd meg \u00fczleted digit\u00e1lis j\u00f6v\u0151j\u00e9t az egyedi webshop fejleszt\u00e9s seg\u00edts\u00e9g\u00e9vel! Ne el\u00e9gedj meg az \u00e1tlagossal, \u00e9ld \u00e1t a bev\u00e9tel n\u00f6veked\u00e9s\u00e9t a digit\u00e1lis t\u00e9rben is!&#8221;<\/p>\n<p>[\/et_pb_text][\/et_pb_column][\/et_pb_row][\/et_pb_section][et_pb_section fb_built=&#8221;1&#8243; admin_label=&#8221;section&#8221; _builder_version=&#8221;4.4.5&#8243; custom_padding=&#8221;3px||5px||false|false&#8221;][et_pb_row use_custom_gutter=&#8221;on&#8221; gutter_width=&#8221;2&#8243; make_equal=&#8221;on&#8221; admin_label=&#8221;row&#8221; _builder_version=&#8221;4.0.9&#8243; background_size=&#8221;initial&#8221; background_position=&#8221;top_left&#8221; background_repeat=&#8221;repeat&#8221; width=&#8221;90%&#8221; width_tablet=&#8221;90%&#8221; width_phone=&#8221;90%&#8221; width_last_edited=&#8221;on|tablet&#8221; max_width=&#8221;1170px&#8221; max_width_tablet=&#8221;90%&#8221; max_width_phone=&#8221;90%&#8221; max_width_last_edited=&#8221;on|desktop&#8221; custom_padding=&#8221;13px||34px|||&#8221; border_width_all=&#8221;5px&#8221; border_color_all=&#8221;#0c71c3&#8243;][et_pb_column type=&#8221;4_4&#8243; _builder_version=&#8221;3.25&#8243; custom_padding=&#8221;|||&#8221; custom_padding__hover=&#8221;|||&#8221;][et_pb_text _builder_version=&#8221;4.0.9&#8243; text_font=&#8221;Lustria||||||||&#8221; text_text_color=&#8221;#000000&#8243; text_font_size=&#8221;27px&#8221; text_line_height=&#8221;1.6em&#8221; text_orientation=&#8221;center&#8221; max_width=&#8221;657px&#8221; module_alignment=&#8221;center&#8221; custom_margin=&#8221;25px||||false|false&#8221; custom_margin_tablet=&#8221;-10px||||false|false&#8221; custom_margin_phone=&#8221;-10px||||false|false&#8221; custom_margin_last_edited=&#8221;on|phone&#8221; border_width_all=&#8221;12px&#8221; border_color_all=&#8221;#e02b20&#8243;]<\/p>\n<p><b>\u00dcgyf\u00e9lszolg\u00e1lat c\u00e9ges \u00fcgyfeleknek<\/b>: 06 30 607-6177<br \/><strong>E-mail:<\/strong>\u00a0info@gepkiraly-pcszerviz.hu<\/p>\n<p>[\/et_pb_text][\/et_pb_column][\/et_pb_row][\/et_pb_section][et_pb_section fb_built=&#8221;1&#8243; admin_label=&#8221;section&#8221; _builder_version=&#8221;4.4.5&#8243; custom_padding=&#8221;3px||150px||false|false&#8221;][\/et_pb_section][et_pb_section fb_built=&#8221;1&#8243; admin_label=&#8221;section&#8221; _builder_version=&#8221;4.4.5&#8243; background_color=&#8221;#F7F7F7&#8243; custom_padding=&#8221;0px||0px||true|&#8221; scroll_scaling_tablet=&#8221;0|50|50|100|100%|100|100&#8243; scroll_scaling_phone=&#8221;0|50|50|100|100%|100|100&#8243; scroll_scaling_last_edited=&#8221;on|phone&#8221;][\/et_pb_section]<\/p>\n","protected":false},"excerpt":{"rendered":"<p>Weboldal &#8211; WebshopWeboldal\u00a0\u00c1lmodozol arr\u00f3l, hogy online jelenl\u00e9ted a versenyt\u00e1rsaid k\u00f6z\u00fcl kit\u0171nj\u00f6n? Ne el\u00e9gedj meg \u00e1tlagos megold\u00e1sokkal, mert mi seg\u00edt\u00fcnk megval\u00f3s\u00edtani a legmer\u00e9szebb elk\u00e9pzel\u00e9seidet! \u00a0Szak\u00e9rt\u0151 csapatunk, akik a kreativit\u00e1st \u00e9s az innov\u00e1ci\u00f3t szem el\u0151tt tartj\u00e1k, olyan megold\u00e1sokat k\u00edn\u00e1l, amelyek t\u00f6k\u00e9letesen illeszkednek a v\u00e1llalkoz\u00e1sodhoz \u00e9s az egyedi ig\u00e9nyeidhez. Nem hisz\u00fcnk az egyszerre mindenkinek val\u00f3 sablonokban, hanem azzal [&hellip;]<\/p>\n","protected":false},"author":1,"featured_media":0,"parent":0,"menu_order":0,"comment_status":"closed","ping_status":"closed","template":"","meta":{"_et_pb_use_builder":"on","_et_pb_old_content":"","_et_gb_content_width":"","footnotes":""},"yst_prominent_words":[],"class_list":["post-586","page","type-page","status-publish","hentry"],"_links":{"self":[{"href":"https:\/\/gepkiraly-pcszerviz.hu\/index.php?rest_route=\/wp\/v2\/pages\/586"}],"collection":[{"href":"https:\/\/gepkiraly-pcszerviz.hu\/index.php?rest_route=\/wp\/v2\/pages"}],"about":[{"href":"https:\/\/gepkiraly-pcszerviz.hu\/index.php?rest_route=\/wp\/v2\/types\/page"}],"author":[{"embeddable":true,"href":"https:\/\/gepkiraly-pcszerviz.hu\/index.php?rest_route=\/wp\/v2\/users\/1"}],"replies":[{"embeddable":true,"href":"https:\/\/gepkiraly-pcszerviz.hu\/index.php?rest_route=%2Fwp%2Fv2%2Fcomments&post=586"}],"version-history":[{"count":6,"href":"https:\/\/gepkiraly-pcszerviz.hu\/index.php?rest_route=\/wp\/v2\/pages\/586\/revisions"}],"predecessor-version":[{"id":615,"href":"https:\/\/gepkiraly-pcszerviz.hu\/index.php?rest_route=\/wp\/v2\/pages\/586\/revisions\/615"}],"wp:attachment":[{"href":"https:\/\/gepkiraly-pcszerviz.hu\/index.php?rest_route=%2Fwp%2Fv2%2Fmedia&parent=586"}],"wp:term":[{"taxonomy":"yst_prominent_words","embeddable":true,"href":"https:\/\/gepkiraly-pcszerviz.hu\/index.php?rest_route=%2Fwp%2Fv2%2Fyst_prominent_words&post=586"}],"curies":[{"name":"wp","href":"https:\/\/api.w.org\/{rel}","templated":true}]}}