{"id":616,"date":"2023-07-16T23:24:26","date_gmt":"2023-07-16T23:24:26","guid":{"rendered":"https:\/\/gepkiraly-pcszerviz.hu\/?page_id=616"},"modified":"2023-07-16T23:39:17","modified_gmt":"2023-07-16T23:39:17","slug":"mobil-applikacio-fejlesztes","status":"publish","type":"page","link":"https:\/\/gepkiraly-pcszerviz.hu\/?page_id=616","title":{"rendered":"Mobil applik\u00e1ci\u00f3 fejleszt\u00e9s"},"content":{"rendered":"<p>[et_pb_section fb_built=&#8221;1&#8243; admin_label=&#8221;section&#8221; _builder_version=&#8221;3.22&#8243; custom_padding=&#8221;49px||0px|||&#8221;][et_pb_row use_custom_gutter=&#8221;on&#8221; gutter_width=&#8221;2&#8243; make_equal=&#8221;on&#8221; admin_label=&#8221;row&#8221; _builder_version=&#8221;4.0.9&#8243; background_size=&#8221;initial&#8221; background_position=&#8221;top_left&#8221; background_repeat=&#8221;repeat&#8221; width=&#8221;90%&#8221; width_tablet=&#8221;90%&#8221; width_phone=&#8221;90%&#8221; width_last_edited=&#8221;on|tablet&#8221; max_width=&#8221;1170px&#8221; max_width_tablet=&#8221;90%&#8221; max_width_phone=&#8221;90%&#8221; max_width_last_edited=&#8221;on|desktop&#8221; custom_padding=&#8221;0px|||||&#8221;][et_pb_column type=&#8221;4_4&#8243; _builder_version=&#8221;4.4.5&#8243; custom_padding=&#8221;|||&#8221; animation_style=&#8221;slide&#8221; animation_delay=&#8221;500ms&#8221; custom_padding__hover=&#8221;|||&#8221;][et_pb_text _builder_version=&#8221;4.0.9&#8243; text_font=&#8221;Poppins||||||||&#8221; text_text_color=&#8221;#0063d9&#8243; text_font_size=&#8221;62px&#8221; text_letter_spacing=&#8221;3px&#8221; text_line_height=&#8221;1em&#8221; hover_enabled=&#8221;0&#8243; header_text_color=&#8221;#0c71c3&#8243;]<\/p>\n<h1 class=\"wow fadeInUp\" data-wow-offset=\"10\" data-wow-duration=\"1s\" data-wow-delay=\"0s\" style=\"text-align: center;\">Mobil applik\u00e1ci\u00f3 fejleszt\u00e9s<\/h1>\n<p>[\/et_pb_text][\/et_pb_column][\/et_pb_row][et_pb_row column_structure=&#8221;1_3,1_3,1_3&#8243; _builder_version=&#8221;4.0.9&#8243;][et_pb_column type=&#8221;1_3&#8243; _builder_version=&#8221;4.0.9&#8243;][et_pb_image src=&#8221;https:\/\/gepkiraly-pcszerviz.hu\/wp-content\/uploads\/2023\/07\/images-3.png&#8221; _builder_version=&#8221;4.0.9&#8243;][\/et_pb_image][\/et_pb_column][et_pb_column type=&#8221;1_3&#8243; _builder_version=&#8221;4.0.9&#8243;][et_pb_image src=&#8221;https:\/\/gepkiraly-pcszerviz.hu\/wp-content\/uploads\/2023\/07\/Google-Play-Logo-1.png&#8221; _builder_version=&#8221;4.0.9&#8243;][\/et_pb_image][\/et_pb_column][et_pb_column type=&#8221;1_3&#8243; _builder_version=&#8221;4.0.9&#8243;][et_pb_image src=&#8221;https:\/\/gepkiraly-pcszerviz.hu\/wp-content\/uploads\/2023\/07\/png-transparent-app-store-apple-logo-apple-text-logo-video-game.png&#8221; _builder_version=&#8221;4.0.9&#8243;][\/et_pb_image][\/et_pb_column][\/et_pb_row][\/et_pb_section][et_pb_section fb_built=&#8221;1&#8243; admin_label=&#8221;section&#8221; _builder_version=&#8221;4.4.5&#8243; custom_padding=&#8221;3px||27px||false|false&#8221;][et_pb_row use_custom_gutter=&#8221;on&#8221; gutter_width=&#8221;2&#8243; make_equal=&#8221;on&#8221; admin_label=&#8221;row&#8221; _builder_version=&#8221;4.4.5&#8243; background_size=&#8221;initial&#8221; background_position=&#8221;top_left&#8221; background_repeat=&#8221;repeat&#8221; width=&#8221;90%&#8221; width_tablet=&#8221;90%&#8221; width_phone=&#8221;90%&#8221; width_last_edited=&#8221;on|tablet&#8221; max_width=&#8221;1170px&#8221; max_width_tablet=&#8221;90%&#8221; max_width_phone=&#8221;90%&#8221; max_width_last_edited=&#8221;on|desktop&#8221; custom_margin=&#8221;|auto|-6px|auto||&#8221; custom_padding=&#8221;0px||13px|||&#8221;][et_pb_column type=&#8221;4_4&#8243; _builder_version=&#8221;3.25&#8243; custom_padding=&#8221;|||&#8221; custom_padding__hover=&#8221;|||&#8221;][et_pb_text _builder_version=&#8221;4.0.9&#8243; text_font=&#8221;Poppins|700|||||||&#8221; text_text_color=&#8221;#2b2b2d&#8221; text_font_size=&#8221;40px&#8221; text_letter_spacing=&#8221;-1px&#8221; text_line_height=&#8221;1.2em&#8221; text_orientation=&#8221;center&#8221; custom_margin=&#8221;25px||||false|false&#8221; custom_margin_tablet=&#8221;-10px||||false|false&#8221; custom_margin_phone=&#8221;-10px||||false|false&#8221; custom_margin_last_edited=&#8221;on|phone&#8221; text_font_size_tablet=&#8221;&#8221; text_font_size_phone=&#8221;30px&#8221; text_font_size_last_edited=&#8221;on|phone&#8221;]<\/p>\n<h2>Mi\u00e9rt j\u00f3 egy saj\u00e1t mobil applik\u00e1ci\u00f3?<\/h2>\n<p>[\/et_pb_text][et_pb_text _builder_version=&#8221;4.0.9&#8243; text_text_color=&#8221;#000000&#8243; header_text_color=&#8221;#000000&#8243;]<\/p>\n<p>Egyedi mobilalkalmaz\u00e1sunk az \u00fczleted sz\u00e1m\u00e1ra t\u00f6bbet ny\u00fajt, mint egy hagyom\u00e1nyos weboldal. <br \/>Az alkalmaz\u00e1s r\u00e9v\u00e9n \u00faj dimenzi\u00f3ba l\u00e9phetsz \u00fczleti tev\u00e9kenys\u00e9gedben, \u00e9s olyan el\u0151ny\u00f6ket \u00e9lvezhetsz, amelyeket egy weboldal nem tud biztos\u00edtani.<\/p>\n<p>Az alkalmaz\u00e1s mobilk\u00f6rnyezetben m\u0171k\u00f6dik, ami azt jelenti, hogy mindig a felhaszn\u00e1l\u00f3k zseb\u00e9ben vagy t\u00e1sk\u00e1j\u00e1ban van. <br \/>Ez\u00e9rt sokkal k\u00f6nnyebb hozz\u00e1f\u00e9rhet\u0151s\u00e9get \u00e9s el\u00e9rhet\u0151s\u00e9get biztos\u00edt sz\u00e1modra. Az alkalmaz\u00e1sod ikonja a felhaszn\u00e1l\u00f3k kezd\u0151k\u00e9perny\u0151j\u00e9n l\u00e1that\u00f3,<br \/>\u00edgy mindig szem el\u0151tt van, eml\u00e9keztetve \u0151ket a v\u00e1llalkoz\u00e1sodra. Egyetlen \u00e9rint\u00e9ssel elind\u00edthatj\u00e1k az alkalmaz\u00e1st, \u00e9s azonnal bekapcsol\u00f3dnak az \u00e9lm\u00e9nyedbe.<\/p>\n<p>Az egyedi mobilalkalmaz\u00e1s k\u00e9pes szem\u00e9lyre szabottabb \u00e9s interakt\u00edvabb \u00e9lm\u00e9nyt ny\u00fajtani a felhaszn\u00e1l\u00f3knak. <br \/>Az alkalmaz\u00e1soknak a mobil eszk\u00f6z\u00f6k specifikus funkci\u00f3it, p\u00e9ld\u00e1ul \u00e9rtes\u00edt\u00e9seket, push-\u00fczeneteket, helymeghat\u00e1roz\u00e1st \u00e9s kamera haszn\u00e1lat\u00e1t is kihaszn\u00e1lhatj\u00e1k.<br \/>Ez\u00e1ltal lehet\u0151s\u00e9ged van olyan funkcionalit\u00e1st k\u00edn\u00e1lni, amely egy weboldalon nem val\u00f3s\u00edthat\u00f3 meg, \u00e9s k\u00f6zvetlenebb\u00fcl kommunik\u00e1lhatsz a felhaszn\u00e1l\u00f3iddal.<\/p>\n<p>Az alkalmaz\u00e1sok offline m\u0171k\u00f6d\u00e9si lehet\u0151s\u00e9get is biztos\u00edtanak. <br \/>Ez azt jelenti, hogy a felhaszn\u00e1l\u00f3k m\u00e9g akkor is hozz\u00e1f\u00e9rhetnek a tartalomhoz \u00e9s haszn\u00e1lhatj\u00e1k az alkalmaz\u00e1st, amikor nincs internetkapcsolatuk. <br \/>Ez nagyszer\u0171 lehet\u0151s\u00e9get k\u00edn\u00e1l a term\u00e9kek \u00e9s szolg\u00e1ltat\u00e1sok el\u00e9r\u00e9se \u00e9s v\u00e1s\u00e1rl\u00e1sa szempontj\u00e1b\u00f3l, f\u00fcggetlen\u00fcl att\u00f3l, hogy \u00e9ppen hol vannak.<\/p>\n<p>Az alkalmaz\u00e1soknak tov\u00e1bb\u00e1 jobb teljes\u00edtm\u00e9nyt \u00e9s felhaszn\u00e1l\u00f3i \u00e9lm\u00e9nyt is ny\u00fajtanak, mivel optimaliz\u00e1ltak a mobil platformokhoz.<br \/>Az alkalmaz\u00e1sok gyorsabban bet\u00f6lt\u0151dnek, sim\u00e1bban m\u0171k\u00f6dnek \u00e9s kev\u00e9sb\u00e9 f\u00fcggnek a b\u00f6ng\u00e9sz\u0151k \u00e9s az internetkapcsolat instabilit\u00e1s\u00e1t\u00f3l.<br \/>Ez el\u0151seg\u00edti a felhaszn\u00e1l\u00f3i el\u00e9gedetts\u00e9get \u00e9s h\u0171s\u00e9get, ami hossz\u00fa t\u00e1von n\u00f6veli az \u00fczleted bev\u00e9tel\u00e9t \u00e9s sikeres digit\u00e1lis jelenl\u00e9t\u00e9t.<\/p>\n<p>Teh\u00e1t, egy egyedi mobilalkalmaz\u00e1s k\u00e9pes t\u00f6bbet ny\u00fajtani \u00fczleted sz\u00e1m\u00e1ra, mint egy sima weboldal.<br \/>Az alkalmaz\u00e1s mobilk\u00f6rnyezetben el\u00e9rhet\u0151, szem\u00e9lyre szabottabb, interakt\u00edvabb, offline m\u0171k\u00f6d\u0151k\u00e9pes \u00e9s jobb teljes\u00edtm\u00e9nyt ny\u00fajt.<br \/>Ha ki szeretn\u00e9d haszn\u00e1lni a mobilplatformok el\u0151nyeit \u00e9s leny\u0171g\u00f6z\u0151bb \u00fczleti \u00e9lm\u00e9nyt szeretn\u00e9l ny\u00fajtani a felhaszn\u00e1l\u00f3knak, <br \/>az egyedi mobilalkalmaz\u00e1s a megfelel\u0151 v\u00e1laszt\u00e1s sz\u00e1modra.&#8221;<\/p>\n<p>&nbsp;<\/p>\n<p>&nbsp;<\/p>\n<p>[\/et_pb_text][et_pb_text _builder_version=&#8221;4.0.9&#8243; text_font=&#8221;Poppins|700|||||||&#8221; text_text_color=&#8221;#e02b20&#8243; text_font_size=&#8221;40px&#8221; text_letter_spacing=&#8221;-1px&#8221; text_line_height=&#8221;1.2em&#8221; header_text_color=&#8221;#e02b20&#8243; text_orientation=&#8221;center&#8221; custom_margin=&#8221;25px||||false|false&#8221; custom_margin_tablet=&#8221;-10px||||false|false&#8221; custom_margin_phone=&#8221;-10px||||false|false&#8221; custom_margin_last_edited=&#8221;on|phone&#8221; text_font_size_tablet=&#8221;&#8221; text_font_size_phone=&#8221;30px&#8221; text_font_size_last_edited=&#8221;on|phone&#8221;]<\/p>\n<h2>\u00a0Applik\u00e1ci\u00f3, mint alternat\u00edv bev\u00e9teli forr\u00e1s<\/h2>\n<p>[\/et_pb_text][et_pb_text _builder_version=&#8221;4.0.9&#8243;]<\/p>\n<p>&nbsp;<\/p>\n<p><span style=\"font-size: 14px;\">In-App V\u00e1s\u00e1rl\u00e1sok: Az egyik legelterjedtebb m\u00f3dszer a mobilalkalmaz\u00e1sokban t\u00f6rt\u00e9n\u0151 p\u00e9nzkeresetre az in-app v\u00e1s\u00e1rl\u00e1sok bevezet\u00e9se. Ez lehet\u0151v\u00e9 teszi, hogy felhaszn\u00e1l\u00f3id k\u00fcl\u00f6nf\u00e9le virtu\u00e1lis term\u00e9keket, pr\u00e9mium tartalmat vagy szolg\u00e1ltat\u00e1sokat v\u00e1s\u00e1roljanak az alkalmaz\u00e1son bel\u00fcl. Ez lehet\u0151s\u00e9get ad az alkalmaz\u00e1sod folyamatos bev\u00e9teln\u00f6veked\u00e9s\u00e9re \u00e9s az \u00fcgyf\u00e9lfi\u00f3k \u00e9l\u00e9nk\u00edt\u00e9s\u00e9re.<\/span><\/p>\n<p><span style=\"font-size: 14px;\">Hirdet\u00e9sek: A rekl\u00e1mok megjelen\u00edt\u00e9se egy m\u00e1sik hat\u00e9kony m\u00f3dja lehet a bev\u00e9tel gener\u00e1l\u00e1s\u00e1nak. Az alkalmaz\u00e1sodban helyezz el hirdet\u00e9seket, mint p\u00e9ld\u00e1ul banner hirdet\u00e9seket, interstitial hirdet\u00e9seket vagy vide\u00f3hirdet\u00e9seket, \u00e9s kapj jutal\u00e9kot a hirdet\u00e9sek megjelen\u00edt\u00e9s\u00e9\u00e9rt vagy a felhaszn\u00e1l\u00f3i interakci\u00f3k\u00e9rt. Ez lehet\u0151v\u00e9 teszi, hogy a felhaszn\u00e1l\u00f3k ingyenesen haszn\u00e1lj\u00e1k az alkalmaz\u00e1st, mik\u00f6zben te p\u00e9nzt keresel a hirdet\u00e9si bev\u00e9telekb\u0151l.<\/span><\/p>\n<p>El\u0151fizet\u00e9sek: Ha olyan tartalmat vagy szolg\u00e1ltat\u00e1st k\u00edn\u00e1lsz, amely folyamatos friss\u00edt\u00e9st vagy pr\u00e9mium tartalmat ny\u00fajt, akkor az el\u0151fizet\u00e9si modell bevezet\u00e9se lehet a megold\u00e1s. Az el\u0151fizet\u00e9si lehet\u0151s\u00e9gekkel a felhaszn\u00e1l\u00f3k hozz\u00e1f\u00e9r\u00e9st szerezhetnek a k\u00fcl\u00f6nleges funkci\u00f3khoz vagy pr\u00e9mium tartalmakhoz a megadott id\u0151szakban, amelyek\u00e9rt rendszeres d\u00edjat fizetnek. Ez hossz\u00fa t\u00e1v\u00fa bev\u00e9telt biztos\u00edt sz\u00e1modra \u00e9s stabil felhaszn\u00e1l\u00f3i b\u00e1zist \u00e9p\u00edthetsz ki.<\/p>\n<p>\u00a0<span style=\"font-size: 14px;\">Freemium Modell: A freemium modellben az alapvet\u0151 funkcionalit\u00e1st ingyenesen biztos\u00edtod a felhaszn\u00e1l\u00f3k sz\u00e1m\u00e1ra, de extra el\u0151ny\u00f6kh\u00f6z vagy pr\u00e9mium szolg\u00e1ltat\u00e1sokhoz hozz\u00e1f\u00e9r\u00e9s\u00e9rt k\u00e9rhetsz d\u00edjat. Ez lehet\u0151v\u00e9 teszi, hogy sz\u00e9lesebb k\u00f6rben vonzz felhaszn\u00e1l\u00f3kat, \u00e9s a fizet\u0151k\u00e9pes felhaszn\u00e1l\u00f3k kiel\u00e9g\u00edt\u00e9s\u00e9vel bev\u00e9telt gener\u00e1lj.<\/span><\/p>\n<p><span style=\"font-size: 14px;\">Affiliate Marketing: Az affiliate marketing egy m\u00e1sik lehet\u0151s\u00e9g, amely lehet\u0151v\u00e9 teszi, hogy m\u00e1s c\u00e9gek term\u00e9keit vagy szolg\u00e1ltat\u00e1sait aj\u00e1nld az alkalmaz\u00e1sodon kereszt\u00fcl, \u00e9s jutal\u00e9kot kapsz minden sikeres aj\u00e1nl\u00e1s\u00e9rt vagy elad\u00e1s\u00e9rt. Ez egy hat\u00e9kony m\u00f3dja annak, hogy kapcsolatba l\u00e9pj m\u00e1s v\u00e1llalkoz\u00e1sokkal, \u00e9s tov\u00e1bbi bev\u00e9telt gener\u00e1lj az alkalmaz\u00e1sodon kereszt\u00fcl.<\/span><\/p>\n<p>Fontos megjegyezni, hogy ezek a lehet\u0151s\u00e9gek egym\u00e1st\u00f3l f\u00fcggetlen\u00fcl vagy ak\u00e1r kombin\u00e1lva is alkalmazhat\u00f3k. Az alkalmaz\u00e1sod c\u00e9ljait\u00f3l, c\u00e9lk\u00f6z\u00f6ns\u00e9g\u00e9t\u0151l \u00e9s a v\u00e1llalkoz\u00e1sod term\u00e9szet\u00e9t\u0151l f\u00fcgg\u0151en v\u00e1laszthatsz az alternat\u00edv p\u00e9nzkereseti m\u00f3dszerek k\u00f6z\u00fcl. Fontos a felhaszn\u00e1l\u00f3i \u00e9lm\u00e9ny \u00e9s az \u00e9rt\u00e9kny\u00fajt\u00e1s szem el\u0151tt tart\u00e1sa, hogy hossz\u00fa t\u00e1von fenntarthassuk az \u00fcgyf\u00e9lel\u00e9gedetts\u00e9get \u00e9s a bev\u00e9tel n\u00f6veked\u00e9s\u00e9t.<\/p>\n<p>[\/et_pb_text][et_pb_text _builder_version=&#8221;4.0.9&#8243; text_font=&#8221;Poppins|700|||||||&#8221; text_text_color=&#8221;#e02b20&#8243; text_font_size=&#8221;40px&#8221; text_letter_spacing=&#8221;-1px&#8221; text_line_height=&#8221;1.2em&#8221; header_text_color=&#8221;#e02b20&#8243; text_orientation=&#8221;center&#8221; custom_margin=&#8221;25px||||false|false&#8221; custom_margin_tablet=&#8221;-10px||||false|false&#8221; custom_margin_phone=&#8221;-10px||||false|false&#8221; custom_margin_last_edited=&#8221;on|phone&#8221; text_font_size_tablet=&#8221;&#8221; text_font_size_phone=&#8221;30px&#8221; text_font_size_last_edited=&#8221;on|phone&#8221;]<\/p>\n<h2>Mi\u00e9rt mi?<\/h2>\n<p>[\/et_pb_text][et_pb_text _builder_version=&#8221;4.0.9&#8243;]<\/p>\n<p>&#8222;L\u00e9pj a k\u00f6vetkez\u0151 szintre az \u00fczleted mobilalkalmaz\u00e1s\u00e1val! Egyedi megold\u00e1sra van sz\u00fcks\u00e9ged, amely nem csak felhaszn\u00e1l\u00f3idat ragadja mag\u00e1val,<br \/>de a bev\u00e9tel\u00e9t is megsokszorozza? Ne el\u00e9gedj meg az \u00e1tlagos applik\u00e1ci\u00f3kkal, hanem v\u00e1lassz minket, \u00e9s fedezd fel a lehet\u0151s\u00e9geket a mobil vil\u00e1gban!<\/p>\n<p>Az egyedi mobilalkalmaz\u00e1s fejleszt\u00e9se az \u00fczleted digit\u00e1lis t\u00e9rben val\u00f3 leny\u0171g\u00f6z\u0151 megjelen\u00e9s\u00e9t jelenti. Csapatunk szenved\u00e9lyesen dolgozik azon, <br \/>hogy egy olyan alkalmaz\u00e1st hozzon l\u00e9tre, amely pontosan t\u00fckr\u00f6zi a v\u00e1llalkoz\u00e1sodat, az \u00e9rt\u00e9keit \u00e9s az ig\u00e9nyeidet. A tervez\u00e9st\u0151l a fejleszt\u00e9sig minden r\u00e9szletre odafigyel\u00fcnk, <br \/>hogy egyedi \u00e9s leny\u0171g\u00f6z\u0151 \u00e9lm\u00e9nyt ny\u00fajtsunk a felhaszn\u00e1l\u00f3idnak.<\/p>\n<p>Az egyedi mobilalkalmaz\u00e1soddal k\u00e9pes leszel m\u00e9g szorosabb kapcsolatot \u00e9p\u00edteni \u00fcgyfeleiddel. <br \/>K\u00fcl\u00f6nleges funkci\u00f3k seg\u00edts\u00e9g\u00e9vel szem\u00e9lyre szabott \u00e9lm\u00e9nyt k\u00edn\u00e1lhatsz, mint p\u00e9ld\u00e1ul aj\u00e1nlatok, <br \/>kedvezm\u00e9nyek vagy h\u00edrek k\u00f6zvetlen\u00fcl a felhaszn\u00e1l\u00f3k zseb\u00e9ben. Emellett az alkalmaz\u00e1sod k\u00f6nnyen haszn\u00e1lhat\u00f3 fel\u00fcletet biztos\u00edt,<br \/>gyors \u00e9s sima navig\u00e1ci\u00f3t ny\u00fajtva a felhaszn\u00e1l\u00f3k sz\u00e1m\u00e1ra.<\/p>\n<p>Az egyedi mobilalkalmaz\u00e1s nem csak a l\u00e1togat\u00f3kat vonzza, <br \/>hanem jelent\u0151s bev\u00e9teln\u00f6veked\u00e9st is hozhat sz\u00e1modra. Az alkalmaz\u00e1sod r\u00e9v\u00e9n k\u00f6nnyed\u00e9n n\u00f6velheted az \u00e9rt\u00e9kes\u00edt\u00e9st,<br \/>n\u00f6velheted az \u00fcgyf\u00e9lh\u0171s\u00e9get \u00e9s el\u0151seg\u00edtheted a visszat\u00e9r\u0151 v\u00e1s\u00e1rl\u00f3kat. Emellett a szem\u00e9lyre szabott tartalmak \u00e9s \u00e9rtes\u00edt\u00e9sek r\u00e9v\u00e9n hat\u00e9konyabban kommunik\u00e1lhatsz \u00fcgyfeleiddel, amely hossz\u00fa t\u00e1von jelent\u0151s \u00fczleti n\u00f6veked\u00e9st eredm\u00e9nyezhet.<\/p>\n<p>Hisz\u00fcnk abban, hogy az egyedis\u00e9g kulcsfontoss\u00e1g\u00fa a mobilalkalmaz\u00e1sok ter\u00e9n. Az alkalmaz\u00e1sunkkal kiemelkedhetsz a versenyt\u00e1rsaid k\u00f6z\u00fcl,<br \/>\u00e9s eml\u00e9kezetess\u00e9 teheted v\u00e1llalkoz\u00e1sodat. Ne el\u00e9gedj meg az \u00e1tlagos megold\u00e1sokkal, l\u00e9gy innovat\u00edv \u00e9s hozd l\u00e9tre az egyedi mobilalkalmaz\u00e1sodat, <br \/>ami kiemelked\u0151 \u00e9lm\u00e9nyt ny\u00fajt felhaszn\u00e1l\u00f3idnak \u00e9s a bev\u00e9tel\u00e9t is felfuttatja.<\/p>\n<p>Vedd fel vel\u00fcnk a kapcsolatot m\u00e9g ma, \u00e9s ind\u00edtsd el az \u00fczleted mobilalkalmaz\u00e1s\u00e1nak fejleszt\u00e9s\u00e9t! Ne hagyd, hogy a mobil vil\u00e1g elmenjen melletted <br \/>\u2013 l\u00e9gy r\u00e9sze az el\u0151rel\u00e9p\u00e9snek \u00e9s a sikeres digit\u00e1lis jelenl\u00e9tnek!<\/p>\n<p>[\/et_pb_text][\/et_pb_column][\/et_pb_row][\/et_pb_section][et_pb_section fb_built=&#8221;1&#8243; admin_label=&#8221;section&#8221; _builder_version=&#8221;4.4.5&#8243; custom_padding=&#8221;3px||5px||false|false&#8221;][et_pb_row use_custom_gutter=&#8221;on&#8221; gutter_width=&#8221;2&#8243; make_equal=&#8221;on&#8221; admin_label=&#8221;row&#8221; _builder_version=&#8221;4.0.9&#8243; background_size=&#8221;initial&#8221; background_position=&#8221;top_left&#8221; background_repeat=&#8221;repeat&#8221; width=&#8221;90%&#8221; width_tablet=&#8221;90%&#8221; width_phone=&#8221;90%&#8221; width_last_edited=&#8221;on|tablet&#8221; max_width=&#8221;1170px&#8221; max_width_tablet=&#8221;90%&#8221; max_width_phone=&#8221;90%&#8221; max_width_last_edited=&#8221;on|desktop&#8221; custom_padding=&#8221;13px||34px|||&#8221; border_width_all=&#8221;5px&#8221; border_color_all=&#8221;#0c71c3&#8243;][et_pb_column type=&#8221;4_4&#8243; _builder_version=&#8221;3.25&#8243; custom_padding=&#8221;|||&#8221; custom_padding__hover=&#8221;|||&#8221;][et_pb_text _builder_version=&#8221;4.0.9&#8243; text_font=&#8221;Lustria||||||||&#8221; text_text_color=&#8221;#000000&#8243; text_font_size=&#8221;27px&#8221; text_line_height=&#8221;1.6em&#8221; text_orientation=&#8221;center&#8221; max_width=&#8221;657px&#8221; module_alignment=&#8221;center&#8221; custom_margin=&#8221;25px||||false|false&#8221; custom_margin_tablet=&#8221;-10px||||false|false&#8221; custom_margin_phone=&#8221;-10px||||false|false&#8221; custom_margin_last_edited=&#8221;on|phone&#8221; border_width_all=&#8221;12px&#8221; border_color_all=&#8221;#e02b20&#8243;]<\/p>\n<p><b>\u00dcgyf\u00e9lszolg\u00e1lat <\/b>: 06 30 607-6177<br \/><strong>E-mail:<\/strong>\u00a0info@gepkiraly-pcszerviz.hu<\/p>\n<p>[\/et_pb_text][\/et_pb_column][\/et_pb_row][\/et_pb_section][et_pb_section fb_built=&#8221;1&#8243; admin_label=&#8221;section&#8221; _builder_version=&#8221;4.4.5&#8243; custom_padding=&#8221;3px||150px||false|false&#8221;][\/et_pb_section][et_pb_section fb_built=&#8221;1&#8243; admin_label=&#8221;section&#8221; _builder_version=&#8221;4.4.5&#8243; background_color=&#8221;#F7F7F7&#8243; custom_padding=&#8221;0px||0px||true|&#8221; scroll_scaling_tablet=&#8221;0|50|50|100|100%|100|100&#8243; scroll_scaling_phone=&#8221;0|50|50|100|100%|100|100&#8243; scroll_scaling_last_edited=&#8221;on|phone&#8221;][\/et_pb_section]<\/p>\n","protected":false},"excerpt":{"rendered":"<p>Mobil applik\u00e1ci\u00f3 fejleszt\u00e9s Mi\u00e9rt j\u00f3 egy saj\u00e1t mobil applik\u00e1ci\u00f3?Egyedi mobilalkalmaz\u00e1sunk az \u00fczleted sz\u00e1m\u00e1ra t\u00f6bbet ny\u00fajt, mint egy hagyom\u00e1nyos weboldal. Az alkalmaz\u00e1s r\u00e9v\u00e9n \u00faj dimenzi\u00f3ba l\u00e9phetsz \u00fczleti tev\u00e9kenys\u00e9gedben, \u00e9s olyan el\u0151ny\u00f6ket \u00e9lvezhetsz, amelyeket egy weboldal nem tud biztos\u00edtani. Az alkalmaz\u00e1s mobilk\u00f6rnyezetben m\u0171k\u00f6dik, ami azt jelenti, hogy mindig a felhaszn\u00e1l\u00f3k zseb\u00e9ben vagy t\u00e1sk\u00e1j\u00e1ban van. Ez\u00e9rt sokkal k\u00f6nnyebb [&hellip;]<\/p>\n","protected":false},"author":1,"featured_media":0,"parent":0,"menu_order":0,"comment_status":"closed","ping_status":"closed","template":"","meta":{"_et_pb_use_builder":"on","_et_pb_old_content":"","_et_gb_content_width":"","footnotes":""},"yst_prominent_words":[],"class_list":["post-616","page","type-page","status-publish","hentry"],"_links":{"self":[{"href":"https:\/\/gepkiraly-pcszerviz.hu\/index.php?rest_route=\/wp\/v2\/pages\/616"}],"collection":[{"href":"https:\/\/gepkiraly-pcszerviz.hu\/index.php?rest_route=\/wp\/v2\/pages"}],"about":[{"href":"https:\/\/gepkiraly-pcszerviz.hu\/index.php?rest_route=\/wp\/v2\/types\/page"}],"author":[{"embeddable":true,"href":"https:\/\/gepkiraly-pcszerviz.hu\/index.php?rest_route=\/wp\/v2\/users\/1"}],"replies":[{"embeddable":true,"href":"https:\/\/gepkiraly-pcszerviz.hu\/index.php?rest_route=%2Fwp%2Fv2%2Fcomments&post=616"}],"version-history":[{"count":4,"href":"https:\/\/gepkiraly-pcszerviz.hu\/index.php?rest_route=\/wp\/v2\/pages\/616\/revisions"}],"predecessor-version":[{"id":630,"href":"https:\/\/gepkiraly-pcszerviz.hu\/index.php?rest_route=\/wp\/v2\/pages\/616\/revisions\/630"}],"wp:attachment":[{"href":"https:\/\/gepkiraly-pcszerviz.hu\/index.php?rest_route=%2Fwp%2Fv2%2Fmedia&parent=616"}],"wp:term":[{"taxonomy":"yst_prominent_words","embeddable":true,"href":"https:\/\/gepkiraly-pcszerviz.hu\/index.php?rest_route=%2Fwp%2Fv2%2Fyst_prominent_words&post=616"}],"curies":[{"name":"wp","href":"https:\/\/api.w.org\/{rel}","templated":true}]}}